{"id":24847864,"date":"2024-11-25T15:59:50","date_gmt":"2024-11-25T15:59:50","guid":{"rendered":"https:\/\/labplus.uy\/inversores-2\/"},"modified":"2025-04-11T19:20:46","modified_gmt":"2025-04-11T19:20:46","slug":"inversores-2","status":"publish","type":"page","link":"https:\/\/labplus.uy\/es\/inversores-2\/","title":{"rendered":"Inversores"},"content":{"rendered":"<p>[et_pb_section fb_built=\u00bb1&#8243; _builder_version=\u00bb4.27.2&#8243; _module_preset=\u00bbdefault\u00bb background_image=\u00bbhttps:\/\/labplus.uy\/wp-content\/uploads\/2024\/08\/close-up-businessman-with-digital-tablet-scaled.jpg\u00bb height=\u00bb400px\u00bb custom_css_main_element=\u00bbjustify-content: center;||flex-direction: column;||display: flex;\u00bb global_colors_info=\u00bb{}\u00bb][et_pb_row _builder_version=\u00bb4.24.2&#8243; _module_preset=\u00bbdefault\u00bb max_width=\u00bb80%\u00bb global_colors_info=\u00bb{}\u00bb][et_pb_column type=\u00bb4_4&#8243; _builder_version=\u00bb4.24.2&#8243; _module_preset=\u00bbdefault\u00bb global_colors_info=\u00bb{}\u00bb][et_pb_text _builder_version=\u00bb4.25.1&#8243; _module_preset=\u00bbdefault\u00bb header_font=\u00bb|700|||||||\u00bb header_text_color=\u00bb#FFFFFF\u00bb header_font_size=\u00bb5em\u00bb header_font_size_tablet=\u00bb4em\u00bb header_font_size_phone=\u00bb3em\u00bb header_font_size_last_edited=\u00bbon|phone\u00bb global_colors_info=\u00bb{}\u00bb]<\/p>\n<h1>INVERSORES<\/h1>\n<p>[\/et_pb_text][\/et_pb_column][\/et_pb_row][\/et_pb_section][et_pb_section fb_built=\u00bb1&#8243; _builder_version=\u00bb4.16&#8243; _module_preset=\u00bbdefault\u00bb custom_padding=\u00bb51px|||||\u00bb global_colors_info=\u00bb{}\u00bb][et_pb_row _builder_version=\u00bb4.27.2&#8243; _module_preset=\u00bbdefault\u00bb max_width=\u00bb80%\u00bb custom_padding=\u00bb3px||15px|||\u00bb scroll_vertical_motion_enable=\u00bbon\u00bb scroll_vertical_motion=\u00bb0|10|10|21|1|0|0&#8243; scroll_fade_enable=\u00bbon\u00bb scroll_fade=\u00bb0|7|7|20|0|40%|100&#8243; border_width_bottom=\u00bb0.1px\u00bb border_color_bottom=\u00bb#c3c3c3&#8243; border_width_bottom_tablet=\u00bb\u00bb border_width_bottom_phone=\u00bb\u00bb border_width_bottom_last_edited=\u00bbon|desktop\u00bb global_colors_info=\u00bb{}\u00bb][et_pb_column type=\u00bb4_4&#8243; _builder_version=\u00bb4.16&#8243; _module_preset=\u00bbdefault\u00bb global_colors_info=\u00bb{}\u00bb][et_pb_text _builder_version=\u00bb4.27.2&#8243; _module_preset=\u00bbdefault\u00bb text_font=\u00bbPoppins|300|||||||\u00bb text_font_size=\u00bb13px\u00bb header_line_height=\u00bb1.3em\u00bb custom_padding=\u00bb|0px||||\u00bb inline_fonts=\u00bbABeeZee\u00bb global_colors_info=\u00bb{}\u00bb]<\/p>\n<div class=\"flex max-w-full flex-col flex-grow\">\n<div class=\"min-h-8 text-message flex w-full flex-col items-end gap-2 whitespace-normal break-words [.text-message+&amp;]:mt-5\" dir=\"auto\" data-message-author-role=\"assistant\" data-message-id=\"0d32b225-accd-43d5-838d-21a0981a189c\" data-message-model-slug=\"gpt-4o-mini\">\n<div class=\"flex w-full flex-col gap-1 empty:hidden first:pt-[3px]\">\n<div class=\"markdown prose w-full break-words dark:prose-invert light\">\n<h1 style=\"text-align: center;\"><span style=\"color: #424242; font-size: xx-large; font-family: inherit; font-weight: normal;\"><strong>Nuestro modelo fue dise\u00f1ado para disminuir el riesgo de inversi\u00f3n en proyectos de ciencias de la vida, aumentar las ganancias y generar impacto social<br \/><\/strong><\/span><\/h1>\n<\/div>\n<\/div>\n<\/div>\n<\/div>\n<p>[\/et_pb_text][\/et_pb_column][\/et_pb_row][et_pb_row column_structure=\u00bb1_3,1_3,1_3&#8243; _builder_version=\u00bb4.24.2&#8243; _module_preset=\u00bbdefault\u00bb max_width=\u00bb80%\u00bb custom_margin=\u00bb21px|auto||auto||\u00bb custom_padding=\u00bb3px||31px|||\u00bb scroll_vertical_motion_enable=\u00bbon\u00bb scroll_vertical_motion=\u00bb0|8|8|20|1|0|0&#8243; scroll_fade_enable=\u00bbon\u00bb scroll_fade=\u00bb0|7|7|20|0|40%|100&#8243; border_width_bottom=\u00bb0.1px\u00bb border_color_bottom=\u00bb#c3c3c3&#8243; border_width_bottom_tablet=\u00bb\u00bb border_width_bottom_phone=\u00bb\u00bb border_width_bottom_last_edited=\u00bbon|desktop\u00bb global_colors_info=\u00bb{}\u00bb][et_pb_column type=\u00bb1_3&#8243; _builder_version=\u00bb4.16&#8243; _module_preset=\u00bbdefault\u00bb global_colors_info=\u00bb{}\u00bb][et_pb_text _builder_version=\u00bb4.27.3&#8243; _module_preset=\u00bbdefault\u00bb text_font=\u00bbPoppins|300|||||||\u00bb text_font_size=\u00bb13px\u00bb global_colors_info=\u00bb{}\u00bb]<\/p>\n<h2 style=\"text-align: justify;\"><span style=\"font-size: small;\">LAB+ ofrece a inversores la<strong> oportunidad de participar en proyectos de alto impacto<\/strong>, colaborando con investigadores destacados a nivel internacional en ciencias de la vida. Nuestra estrategia de inversi\u00f3n de capital a largo plazo tiene como objetivo generar rendimientos atractivos mientras se avanza en tecnolog\u00edas y terapias de vanguardia, con el potencial de revolucionar la atenci\u00f3n m\u00e9dica.<br \/>Nuestro portafolio de startups proporciona <strong>soluciones innovadoras a problemas globales<\/strong> en los sectores m\u00e9dico y ambiental, lo que mejora la calidad de vida de los seres humanos.<\/span><\/h2>\n<p>[\/et_pb_text][\/et_pb_column][et_pb_column type=\u00bb1_3&#8243; _builder_version=\u00bb4.16&#8243; _module_preset=\u00bbdefault\u00bb global_colors_info=\u00bb{}\u00bb][et_pb_text _builder_version=\u00bb4.27.2&#8243; _module_preset=\u00bbdefault\u00bb text_font=\u00bbPoppins|300|||||||\u00bb text_font_size=\u00bb13px\u00bb global_colors_info=\u00bb{}\u00bb]<\/p>\n<h2 style=\"text-align: justify;\"><span style=\"font-size: small;\">Creemos en el talento y las capacidades excepcionales de investigadores y emprendedores de Am\u00e9rica Latina.<br \/>Nuestras inversiones se enfocan en una amplia gama de sectores dentro de las ciencias de la vida. Incluyen:<\/span><\/h2>\n<p><span style=\"font-size: small;\">\u2022 Descubrimiento de F\u00e1rmacos y Productos Farmac\u00e9uticos<br \/>\u2022 Ag-Tech y Food-Tech<br \/>\u2022 Med-Tech<br \/>\u2022 Servicios de Salud<br \/>\u2022 Diagn\u00f3sticos y Biomedicina<\/span><\/p>\n<p>[\/et_pb_text][\/et_pb_column][et_pb_column type=\u00bb1_3&#8243; _builder_version=\u00bb4.16&#8243; _module_preset=\u00bbdefault\u00bb global_colors_info=\u00bb{}\u00bb][et_pb_text _builder_version=\u00bb4.27.2&#8243; _module_preset=\u00bbdefault\u00bb text_font=\u00bbPoppins|300|||||||\u00bb text_font_size=\u00bb13px\u00bb global_colors_info=\u00bb{}\u00bb]<\/p>\n<h2 style=\"text-align: justify;\"><span style=\"font-size: small;\">Nuestro equipo est\u00e1 compuesto por profesionales experimentados con un profundo conocimiento en el sector de las ciencias de la vida, lo que garantiza decisiones de inversi\u00f3n informadas y orientaci\u00f3n estrat\u00e9gica para las empresas de nuestro portafolio.<\/span><\/h2>\n<h2 style=\"text-align: justify;\"><span style=\"font-size: small;\">Trabajamos de cerca con las startups y proporcionamos apoyo estrat\u00e9gico, conexiones en la industria y conocimientos operativos para acelerar su crecimiento.<\/span><\/h2>\n<p>[\/et_pb_text][\/et_pb_column][\/et_pb_row][et_pb_row _builder_version=\u00bb4.27.4&#8243; _module_preset=\u00bbdefault\u00bb background_image=\u00bbhttps:\/\/labplus.uy\/wp-content\/uploads\/2024\/08\/Imagen6.jpg\u00bb background_position=\u00bbbottom_right\u00bb background_horizontal_offset=\u00bb-34%\u00bb background_vertical_offset=\u00bb74%\u00bb background_enable_pattern_style=\u00bbon\u00bb background_pattern_style=\u00bbcubes\u00bb width=\u00bb100%\u00bb width_tablet=\u00bb100%\u00bb width_phone=\u00bb100%\u00bb width_last_edited=\u00bbon|phone\u00bb max_width=\u00bb2560px\u00bb module_alignment=\u00bbcenter\u00bb min_height_last_edited=\u00bboff|desktop\u00bb height=\u00bb164px\u00bb height_tablet=\u00bb164px\u00bb height_phone=\u00bb289%\u00bb height_last_edited=\u00bbon|tablet\u00bb max_height=\u00bb1000px\u00bb scroll_vertical_motion_enable=\u00bbon\u00bb scroll_vertical_motion=\u00bb0|8|8|20|1|0|0&#8243; global_colors_info=\u00bb{}\u00bb][et_pb_column type=\u00bb4_4&#8243; _builder_version=\u00bb4.27.2&#8243; _module_preset=\u00bbdefault\u00bb global_colors_info=\u00bb{}\u00bb][et_pb_button button_url=\u00bbhttps:\/\/labplus.uy\/es\/contacto\/\u00bb button_text=\u00bbInvert\u00ed en ciencia disruptiva\u00bb button_alignment=\u00bbcenter\u00bb _builder_version=\u00bb4.27.4&#8243; _module_preset=\u00bbdefault\u00bb custom_button=\u00bbon\u00bb button_text_size=\u00bb31px\u00bb button_text_color=\u00bb#FFFFFF\u00bb button_bg_color=\u00bbRGBA(255,255,255,0)\u00bb button_border_width=\u00bb2px\u00bb button_border_radius=\u00bb15px\u00bb button_letter_spacing=\u00bb0px\u00bb button_icon=\u00bb&#x24;||divi||400&#8243; background_layout=\u00bbdark\u00bb custom_margin=\u00bb15px||||false|false\u00bb custom_margin_tablet=\u00bb15px||||false|false\u00bb custom_margin_phone=\u00bb5px|12px||12px|false|false\u00bb custom_margin_last_edited=\u00bbon|phone\u00bb button_text_size_tablet=\u00bb31px\u00bb button_text_size_phone=\u00bb22px\u00bb button_text_size_last_edited=\u00bbon|phone\u00bb button_text_shadow_style=\u00bbpreset1&#8243; global_colors_info=\u00bb{}\u00bb][\/et_pb_button][\/et_pb_column][\/et_pb_row][et_pb_row _builder_version=\u00bb4.27.2&#8243; _module_preset=\u00bbdefault\u00bb max_width=\u00bb80%\u00bb min_height=\u00bb71px\u00bb custom_margin=\u00bb2px|auto||auto|false|false\u00bb custom_padding=\u00bb2px||5px|||\u00bb scroll_vertical_motion_enable=\u00bbon\u00bb scroll_vertical_motion=\u00bb0|8|8|20|1|0|0&#8243; scroll_fade_enable=\u00bbon\u00bb scroll_fade=\u00bb0|7|7|20|0|40%|100&#8243; border_width_top=\u00bb1px\u00bb border_color_top=\u00bb#b5b5b5&#8243; global_colors_info=\u00bb{}\u00bb][et_pb_column type=\u00bb4_4&#8243; _builder_version=\u00bb4.16&#8243; _module_preset=\u00bbdefault\u00bb global_colors_info=\u00bb{}\u00bb][et_pb_text module_id=\u00bbinvestmentphilosophy\u00bb _builder_version=\u00bb4.27.2&#8243; _module_preset=\u00bbdefault\u00bb header_font=\u00bbPoppins|700|||||||\u00bb header_text_color=\u00bb#005481&#8243; header_font_size=\u00bb20px\u00bb custom_margin=\u00bb39px|||||\u00bb global_colors_info=\u00bb{}\u00bb]<\/p>\n<h1>De-risking: la estrategia para minimizar riesgos<\/h1>\n<p>[\/et_pb_text][\/et_pb_column][\/et_pb_row][et_pb_row column_structure=\u00bb1_3,1_3,1_3&#8243; _builder_version=\u00bb4.27.3&#8243; _module_preset=\u00bbdefault\u00bb max_width=\u00bb80%\u00bb custom_padding=\u00bb11px||31px||false|false\u00bb scroll_vertical_motion_enable=\u00bbon\u00bb scroll_vertical_motion=\u00bb0|8|8|20|1|0|0&#8243; scroll_fade_enable=\u00bbon\u00bb scroll_fade=\u00bb0|7|7|20|0|40%|100&#8243; border_width_bottom=\u00bb0.1px\u00bb border_color_bottom=\u00bb#c3c3c3&#8243; global_colors_info=\u00bb{}\u00bb][et_pb_column type=\u00bb1_3&#8243; _builder_version=\u00bb4.16&#8243; _module_preset=\u00bbdefault\u00bb global_colors_info=\u00bb{}\u00bb][et_pb_text _builder_version=\u00bb4.27.3&#8243; _module_preset=\u00bbdefault\u00bb text_font=\u00bbPoppins|300|||||||\u00bb text_font_size=\u00bb13px\u00bb global_colors_info=\u00bb{}\u00bb]<\/p>\n<p style=\"text-align: justify;\">El modelo de mitigaci\u00f3n de riesgos de LAB+ implica mentor\u00eda personalizada para los fundadores de las startups, con el foco en desarrollar un plan de acci\u00f3n s\u00f3lido para llevar sus innovaciones al mercado.<\/p>\n<p style=\"text-align: justify;\">Esto incluye un profundo an\u00e1lisis de mercado, estudios de viabilidad y proyectos piloto para probar la solidez de las ideas antes de comprometer recursos significativos.<\/p>\n<p style=\"text-align: justify;\">\u00a0<\/p>\n<p>[\/et_pb_text][\/et_pb_column][et_pb_column type=\u00bb1_3&#8243; _builder_version=\u00bb4.16&#8243; _module_preset=\u00bbdefault\u00bb global_colors_info=\u00bb{}\u00bb][et_pb_image src=\u00bbhttps:\/\/labplus.uy\/wp-content\/uploads\/2024\/10\/beautiful-young-woman-home-office-working-from-home-teleworking-concept-scaled.jpg\u00bb title_text=\u00bbWoman in the office\u00bb align=\u00bbcenter\u00bb force_fullwidth=\u00bbon\u00bb src_tablet=\u00bbhttps:\/\/labplus.uy\/wp-content\/uploads\/2024\/10\/beautiful-young-woman-home-office-working-from-home-teleworking-concept-scaled.jpg\u00bb src_phone=\u00bbhttps:\/\/labplus.uy\/wp-content\/uploads\/2024\/10\/beautiful-young-woman-home-office-working-from-home-teleworking-concept-scaled.jpg\u00bb src_last_edited=\u00bbon|tablet\u00bb _builder_version=\u00bb4.27.4&#8243; _module_preset=\u00bbdefault\u00bb width_tablet=\u00bb\u00bb width_phone=\u00bb\u00bb width_last_edited=\u00bbon|tablet\u00bb height=\u00bb188px\u00bb height_tablet=\u00bb441px\u00bb height_phone=\u00bb188px\u00bb height_last_edited=\u00bbon|phone\u00bb global_colors_info=\u00bb{}\u00bb][\/et_pb_image][\/et_pb_column][et_pb_column type=\u00bb1_3&#8243; _builder_version=\u00bb4.16&#8243; _module_preset=\u00bbdefault\u00bb global_colors_info=\u00bb{}\u00bb][et_pb_text _builder_version=\u00bb4.27.3&#8243; _module_preset=\u00bbdefault\u00bb text_font=\u00bbPoppins|300|||||||\u00bb text_font_size=\u00bb13px\u00bb custom_margin=\u00bb||8px|||\u00bb global_colors_info=\u00bb{}\u00bb]<\/p>\n<p style=\"text-align: justify;\">Como venture builder, LAB+ tambi\u00e9n ofrece apoyo financiero y planificaci\u00f3n estrat\u00e9gica, lo que refuerza el crecimiento de las startups, mitiga el riesgo de problemas de flujo de efectivo y proporciona una base financiera segura.<\/p>\n<p>[\/et_pb_text][et_pb_button button_url=\u00bbhttps:\/\/labplus.uy\/es\/de-risking-la-estrategia-que-usamos-para-minimizar-riesgos\/\u00bb button_text=\u00bbConoc\u00e9 m\u00e1s\u00bb _builder_version=\u00bb4.27.3&#8243; _module_preset=\u00bbdefault\u00bb custom_button=\u00bbon\u00bb button_text_size=\u00bb15px\u00bb button_text_color=\u00bb#000000&#8243; custom_padding=\u00bb5px||||false|false\u00bb global_colors_info=\u00bb{}\u00bb][\/et_pb_button][\/et_pb_column][\/et_pb_row][et_pb_row _builder_version=\u00bb4.24.2&#8243; _module_preset=\u00bbdefault\u00bb max_width=\u00bb80%\u00bb custom_margin=\u00bb-10px|auto|18px|auto|false|false\u00bb custom_padding=\u00bb2px||5px|||\u00bb scroll_vertical_motion_enable=\u00bbon\u00bb scroll_vertical_motion=\u00bb0|8|8|20|1|0|0&#8243; scroll_fade_enable=\u00bbon\u00bb scroll_fade=\u00bb0|7|7|20|0|40%|100&#8243; global_colors_info=\u00bb{}\u00bb][et_pb_column type=\u00bb4_4&#8243; _builder_version=\u00bb4.16&#8243; _module_preset=\u00bbdefault\u00bb global_colors_info=\u00bb{}\u00bb][et_pb_text _builder_version=\u00bb4.27.2&#8243; _module_preset=\u00bbdefault\u00bb text_font=\u00bbPoppins|300|||||||\u00bb text_font_size=\u00bb13px\u00bb custom_margin=\u00bb37px||||false|false\u00bb custom_padding=\u00bb|0px||||\u00bb inline_fonts=\u00bbABeeZee\u00bb global_colors_info=\u00bb{}\u00bb]<\/p>\n<div class=\"flex max-w-full flex-col flex-grow\">\n<div class=\"min-h-8 text-message flex w-full flex-col items-end gap-2 whitespace-normal break-words [.text-message+&amp;]:mt-5\" dir=\"auto\" data-message-author-role=\"assistant\" data-message-id=\"0d32b225-accd-43d5-838d-21a0981a189c\" data-message-model-slug=\"gpt-4o-mini\">\n<div class=\"flex w-full flex-col gap-1 empty:hidden first:pt-[3px]\">\n<div class=\"markdown prose w-full break-words dark:prose-invert light\">\n<h1 style=\"text-align: center;\"><b>Nuestras historias de \u00e9xito son los catalizadores detr\u00e1s de la creaci\u00f3n de LAB+<\/b><\/h1>\n<\/div>\n<\/div>\n<\/div>\n<\/div>\n<p>[\/et_pb_text][\/et_pb_column][\/et_pb_row][et_pb_row column_structure=\u00bb1_3,1_3,1_3&#8243; _builder_version=\u00bb4.27.3&#8243; _module_preset=\u00bbdefault\u00bb max_width=\u00bb80%\u00bb custom_padding=\u00bb3px||31px||false|false\u00bb scroll_vertical_motion_enable=\u00bbon\u00bb scroll_vertical_motion=\u00bb0|8|8|20|1|0|0&#8243; scroll_fade_enable=\u00bbon\u00bb scroll_fade=\u00bb0|7|7|20|0|40%|100&#8243; border_width_bottom=\u00bb0.1px\u00bb border_color_bottom=\u00bb#c3c3c3&#8243; global_colors_info=\u00bb{}\u00bb][et_pb_column type=\u00bb1_3&#8243; _builder_version=\u00bb4.16&#8243; _module_preset=\u00bbdefault\u00bb global_colors_info=\u00bb{}\u00bb][et_pb_text _builder_version=\u00bb4.27.3&#8243; _module_preset=\u00bbdefault\u00bb text_font=\u00bbPoppins|300|||||||\u00bb global_colors_info=\u00bb{}\u00bb]<\/p>\n<p>El Institut Pasteur de Montevideo comenz\u00f3 a aplicar un modelo de desarrollo de startups en 2016, con el objetivo de utilizar el conocimiento cient\u00edfico en beneficio de la sociedad. Despu\u00e9s de una exitosa curva de aprendizaje, estas iniciativas dieron lugar a la creaci\u00f3n de varias empresas e historias de \u00e9xito.<\/p>\n<p>Una de las m\u00e1s destacadas es <a href=\"https:\/\/eolo-pharma.com\/\">Eolo Pharma<\/a>. Impulsada por los General Partners de LAB+, esta compa\u00f1\u00eda farmac\u00e9utica desarrolla nuevas terapias para trastornos cardiometab\u00f3licos, neurodegenerativos y autoinmunes.<\/p>\n<p>[\/et_pb_text][\/et_pb_column][et_pb_column type=\u00bb1_3&#8243; _builder_version=\u00bb4.16&#8243; _module_preset=\u00bbdefault\u00bb global_colors_info=\u00bb{}\u00bb][et_pb_image src=\u00bbhttps:\/\/labplus.uy\/wp-content\/uploads\/2024\/10\/RETRATOS-105-1024&#215;683-1.webp\u00bb title_text=\u00bbRETRATOS-105-1024&#215;683&#8243; align=\u00bbcenter\u00bb _builder_version=\u00bb4.27.3&#8243; _module_preset=\u00bbdefault\u00bb custom_margin=\u00bb15px|-30px|11px||false|false\u00bb custom_padding=\u00bb|11px||0px|false|false\u00bb global_colors_info=\u00bb{}\u00bb][\/et_pb_image][\/et_pb_column][et_pb_column type=\u00bb1_3&#8243; _builder_version=\u00bb4.16&#8243; _module_preset=\u00bbdefault\u00bb global_colors_info=\u00bb{}\u00bb][et_pb_text _builder_version=\u00bb4.27.3&#8243; _module_preset=\u00bbdefault\u00bb text_font=\u00bbPoppins|300|||||||\u00bb text_font_size=\u00bb13px\u00bb custom_margin=\u00bb||8px|0px|false|false\u00bb custom_padding=\u00bb|||0px||\u00bb global_colors_info=\u00bb{}\u00bb]<\/p>\n<p>Eolo Pharma ha logrado avanzar con \u00e9xito un compuesto terap\u00e9utico original, destinado a la prevenci\u00f3n y tratamiento de la obesidad y sus enfermedades metab\u00f3licas asociadas, hasta las fases de ensayos cl\u00ednicos en humanos, lo que constituye un hito a nivel nacional. Este logro ha posicionando al compuesto como una terapia innovadora con proyecci\u00f3n global.<\/p>\n<p style=\"text-align: left;\">Inicialmente respaldada por CITES y con sus laboratorios de I+D ubicados en el IP Montevideo, Eolo Pharma contin\u00faa su desarrollo con el apoyo de Ficus Advisory, que lider\u00f3 la ronda de financiamiento Serie A en 2019 para impulsar el crecimiento de la startup.<\/p>\n<p>[\/et_pb_text][\/et_pb_column][\/et_pb_row][\/et_pb_section]<\/p>\n","protected":false},"excerpt":{"rendered":"<p>INVERSORES Nuestro modelo fue dise\u00f1ado para disminuir el riesgo de inversi\u00f3n en proyectos de ciencias de la vida, aumentar las ganancias y generar impacto social LAB+ ofrece a inversores la oportunidad de participar en proyectos de alto impacto, colaborando con investigadores destacados a nivel internacional en ciencias de la vida. Nuestra estrategia de inversi\u00f3n de [&hellip;]<\/p>\n","protected":false},"author":4,"featured_media":0,"parent":0,"menu_order":0,"comment_status":"closed","ping_status":"closed","template":"","meta":{"_acf_changed":false,"_et_pb_use_builder":"on","_et_pb_old_content":"","_et_gb_content_width":"","_monsterinsights_skip_tracking":false,"_monsterinsights_sitenote_active":false,"_monsterinsights_sitenote_note":"","_monsterinsights_sitenote_category":0,"footnotes":""},"class_list":["post-24847864","page","type-page","status-publish","hentry"],"acf":[],"_links":{"self":[{"href":"https:\/\/labplus.uy\/es\/wp-json\/wp\/v2\/pages\/24847864","targetHints":{"allow":["GET"]}}],"collection":[{"href":"https:\/\/labplus.uy\/es\/wp-json\/wp\/v2\/pages"}],"about":[{"href":"https:\/\/labplus.uy\/es\/wp-json\/wp\/v2\/types\/page"}],"author":[{"embeddable":true,"href":"https:\/\/labplus.uy\/es\/wp-json\/wp\/v2\/users\/4"}],"replies":[{"embeddable":true,"href":"https:\/\/labplus.uy\/es\/wp-json\/wp\/v2\/comments?post=24847864"}],"version-history":[{"count":5,"href":"https:\/\/labplus.uy\/es\/wp-json\/wp\/v2\/pages\/24847864\/revisions"}],"predecessor-version":[{"id":24848122,"href":"https:\/\/labplus.uy\/es\/wp-json\/wp\/v2\/pages\/24847864\/revisions\/24848122"}],"wp:attachment":[{"href":"https:\/\/labplus.uy\/es\/wp-json\/wp\/v2\/media?parent=24847864"}],"curies":[{"name":"wp","href":"https:\/\/api.w.org\/{rel}","templated":true}]}}