{"id":24847876,"date":"2024-11-25T18:32:18","date_gmt":"2024-11-25T18:32:18","guid":{"rendered":"https:\/\/labplus.uy\/start-ups\/"},"modified":"2025-04-11T19:22:06","modified_gmt":"2025-04-11T19:22:06","slug":"start-ups","status":"publish","type":"page","link":"https:\/\/labplus.uy\/es\/start-ups\/","title":{"rendered":"Startups"},"content":{"rendered":"<p>[et_pb_section fb_built=\u00bb1&#8243; _builder_version=\u00bb4.27.3&#8243; _module_preset=\u00bbdefault\u00bb background_image=\u00bbhttps:\/\/labplus.uy\/wp-content\/uploads\/2024\/11\/dna-163466_1920.jpg\u00bb background_position=\u00bbcenter_right\u00bb height=\u00bb400px\u00bb custom_padding=\u00bb||0px|||\u00bb custom_css_main_element=\u00bbjustify-content: center;||flex-direction: column;||display: flex;\u00bb global_colors_info=\u00bb{}\u00bb][et_pb_row _builder_version=\u00bb4.24.2&#8243; _module_preset=\u00bbdefault\u00bb max_width=\u00bb80%\u00bb global_colors_info=\u00bb{}\u00bb][et_pb_column type=\u00bb4_4&#8243; _builder_version=\u00bb4.24.2&#8243; _module_preset=\u00bbdefault\u00bb global_colors_info=\u00bb{}\u00bb][et_pb_text _builder_version=\u00bb4.27.3&#8243; _module_preset=\u00bbdefault\u00bb header_font=\u00bb|700|||||||\u00bb header_text_color=\u00bb#FFFFFF\u00bb header_font_size=\u00bb5em\u00bb header_font_size_tablet=\u00bb4em\u00bb header_font_size_phone=\u00bb3em\u00bb header_font_size_last_edited=\u00bbon|phone\u00bb global_colors_info=\u00bb{}\u00bb]<\/p>\n<h1>STARTUPS<\/h1>\n<p>[\/et_pb_text][\/et_pb_column][\/et_pb_row][\/et_pb_section][et_pb_section fb_built=\u00bb1&#8243; _builder_version=\u00bb4.16&#8243; _module_preset=\u00bbdefault\u00bb custom_padding=\u00bb17px|||||\u00bb global_colors_info=\u00bb{}\u00bb][et_pb_row _builder_version=\u00bb4.24.2&#8243; _module_preset=\u00bbdefault\u00bb max_width=\u00bb80%\u00bb custom_margin=\u00bb|auto|-3px|auto||\u00bb custom_padding=\u00bb3px||8px|||\u00bb scroll_vertical_motion_enable=\u00bbon\u00bb scroll_vertical_motion=\u00bb0|8|8|20|1|0|0&#8243; scroll_fade_enable=\u00bbon\u00bb scroll_fade=\u00bb0|7|7|20|0|40%|100&#8243; border_width_bottom=\u00bb0.1px\u00bb border_color_bottom=\u00bb#c3c3c3&#8243; border_width_bottom_tablet=\u00bb\u00bb border_width_bottom_phone=\u00bb\u00bb border_width_bottom_last_edited=\u00bbon|desktop\u00bb global_colors_info=\u00bb{}\u00bb][et_pb_column type=\u00bb4_4&#8243; _builder_version=\u00bb4.16&#8243; _module_preset=\u00bbdefault\u00bb global_colors_info=\u00bb{}\u00bb][et_pb_text _builder_version=\u00bb4.27.3&#8243; _module_preset=\u00bbdefault\u00bb text_font=\u00bbPoppins|300|||||||\u00bb text_font_size=\u00bb1px\u00bb text_line_height=\u00bb1em\u00bb header_text_align=\u00bbcenter\u00bb header_line_height=\u00bb1.3em\u00bb custom_margin=\u00bb13px||14px||false|false\u00bb global_colors_info=\u00bb{}\u00bb]<\/p>\n<div class=\"flex max-w-full flex-col flex-grow\">\n<div class=\"min-h-8 text-message flex w-full flex-col items-end gap-2 whitespace-normal break-words [.text-message+&amp;]:mt-5\" dir=\"auto\" data-message-author-role=\"assistant\" data-message-id=\"f9253b0b-5a08-4b42-bd57-3d6898547891\" data-message-model-slug=\"gpt-4o-mini\">\n<div class=\"flex w-full flex-col gap-1 empty:hidden first:pt-[3px]\">\n<div class=\"markdown prose w-full break-words dark:prose-invert light\">\n<h1 style=\"text-align: center;\"><span style=\"font-size: xx-large; color: #424242;\"><strong>Impulsamos tus desarrollos cient\u00edficos y te ayudamos a llevarlos al mercado<\/strong><\/span><\/h1>\n<\/div>\n<\/div>\n<\/div>\n<\/div>\n<p>[\/et_pb_text][\/et_pb_column][\/et_pb_row][et_pb_row column_structure=\u00bb1_3,1_3,1_3&#8243; _builder_version=\u00bb4.27.3&#8243; _module_preset=\u00bbdefault\u00bb max_width=\u00bb80%\u00bb min_height=\u00bb350.6px\u00bb custom_padding=\u00bb3px||0px||false|false\u00bb scroll_vertical_motion_enable=\u00bbon\u00bb scroll_vertical_motion=\u00bb0|8|8|20|1|0|0&#8243; scroll_fade_enable=\u00bbon\u00bb scroll_fade=\u00bb0|7|7|20|0|40%|100&#8243; border_width_bottom=\u00bb0.1px\u00bb border_color_bottom=\u00bb#c3c3c3&#8243; global_colors_info=\u00bb{}\u00bb][et_pb_column type=\u00bb1_3&#8243; _builder_version=\u00bb4.16&#8243; _module_preset=\u00bbdefault\u00bb global_colors_info=\u00bb{}\u00bb][et_pb_text content_tablet=\u00bb<\/p>\n<h1 style=%22text-align: right;%22><span style=%22font-size: large;%22><strong>If you have a mission and vision that positively impacts human, animal or environmental health, with solid scientific foundations, we advise you to become a successful world-class start-up.<\/strong><\/span><\/h1>\n<p>\u00bb content_phone=\u00bb<\/p>\n<h1 style=%22text-align: center;%22><span style=%22font-size: large;%22><strong>If you have a mission and vision that positively impacts human, animal or environmental health, with solid scientific foundations, we advise you to become a successful world-class start-up.<\/strong><\/span><\/h1>\n<p>\u00bb content_last_edited=\u00bbon|phone\u00bb _builder_version=\u00bb4.27.4&#8243; _module_preset=\u00bbdefault\u00bb text_font=\u00bbPoppins|300|||||||\u00bb text_font_size=\u00bb13px\u00bb min_height=\u00bb268.9px\u00bb custom_margin=\u00bb0px|||39px|false|false\u00bb custom_margin_tablet=\u00bb0px|||39px|false|false\u00bb custom_margin_phone=\u00bb|||0px|false|false\u00bb custom_margin_last_edited=\u00bbon|desktop\u00bb custom_padding=\u00bb62px||0px||false|false\u00bb custom_padding_tablet=\u00bb62px||0px||false|false\u00bb custom_padding_phone=\u00bb42px||0px||false|false\u00bb custom_padding_last_edited=\u00bbon|phone\u00bb global_colors_info=\u00bb{}\u00bb]<\/p>\n<h1 style=\"text-align: right;\"><span style=\"font-size: large;\"><strong>Si ten\u00e9s una misi\u00f3n y visi\u00f3n que impacte de manera positiva en la salud humana, animal o ambiental, con s\u00f3lidas bases cient\u00edficas, te asesoramos para que se convierta en una exitosa startup de clase mundial.<\/strong><\/span><\/h1>\n<p>[\/et_pb_text][\/et_pb_column][et_pb_column type=\u00bb1_3&#8243; _builder_version=\u00bb4.16&#8243; _module_preset=\u00bbdefault\u00bb global_colors_info=\u00bb{}\u00bb][et_pb_image src=\u00bbhttps:\/\/labplus.uy\/wp-content\/uploads\/2024\/11\/still-life-world-science-day-chemistry-composition-recorte-scaled.jpg\u00bb title_text=\u00bbstill-life-world-science-day-chemistry-composition recorte\u00bb _builder_version=\u00bb4.27.4&#8243; _module_preset=\u00bbdefault\u00bb custom_margin_tablet=\u00bb-77px||0px|0px|false|false\u00bb custom_margin_phone=\u00bb0px||||false|false\u00bb custom_margin_last_edited=\u00bbon|phone\u00bb custom_padding_tablet=\u00bb0px||0px||false|false\u00bb custom_padding_phone=\u00bb0px||0px||false|false\u00bb custom_padding_last_edited=\u00bbon|tablet\u00bb global_colors_info=\u00bb{}\u00bb][\/et_pb_image][\/et_pb_column][et_pb_column type=\u00bb1_3&#8243; _builder_version=\u00bb4.16&#8243; _module_preset=\u00bbdefault\u00bb global_colors_info=\u00bb{}\u00bb][et_pb_text content_tablet=\u00bb<\/p>\n<h1 style=%22text-align: left;%22><span style=%22font-size: medium;%22>From the multidisciplinary team at LAB+ we provide personalized support to scientists who develop solutions in the area of  life sciences. Our advice is aimed at innovative scientific projects in the early stages and at already established companies driven by founders and executives who seek to achieve global impact.<\/span><\/h1>\n<p>\u00bb content_phone=\u00bb<\/p>\n<h1 style=%22text-align: center;%22><span style=%22font-size: medium;%22>From the multidisciplinary team at LAB+ we provide personalized support to scientists who develop solutions in the area of  life sciences. Our advice is aimed at innovative scientific projects in the early stages and at already established companies driven by founders and executives who seek to achieve global impact.<\/span><\/h1>\n<p>\u00bb content_last_edited=\u00bbon|phone\u00bb _builder_version=\u00bb4.27.4&#8243; _module_preset=\u00bbdefault\u00bb text_font=\u00bbPoppins|300|||||||\u00bb text_font_size=\u00bb13px\u00bb text_orientation=\u00bbcenter\u00bb custom_margin=\u00bb0px|||0px|false|false\u00bb custom_margin_tablet=\u00bb0px|||0px|false|false\u00bb custom_margin_phone=\u00bb0px|||0px|false|false\u00bb custom_margin_last_edited=\u00bbon|tablet\u00bb custom_padding=\u00bb35px|0px|0px|0px|false|false\u00bb custom_padding_tablet=\u00bb28px|15px|34px|15px|false|false\u00bb custom_padding_phone=\u00bb0px||20px||false|false\u00bb custom_padding_last_edited=\u00bbon|tablet\u00bb text_font_tablet=\u00bbPoppins|800|||||||\u00bb text_font_phone=\u00bbPoppins|800|||||||\u00bb text_font_last_edited=\u00bbon|tablet\u00bb header_font_tablet=\u00bbPoppins|800|||||||\u00bb header_font_phone=\u00bbPoppins|800|||||||\u00bb header_font_last_edited=\u00bbon|tablet\u00bb global_colors_info=\u00bb{}\u00bb]<\/p>\n<h1 style=\"text-align: left;\"><span style=\"font-size: medium;\">Desde el equipo multidisciplinario de LAB+ damos apoyo personalizado a cient\u00edficas y cient\u00edficos que desarrollan soluciones en el \u00e1rea de las ciencias de la vida. Nuestro asesoramiento se dirige a proyectos cient\u00edficos innovadores en etapas iniciales y a empresas ya constituidas impulsadas por fundadores y ejecutivos que buscan alcanzar el impacto global.<\/span><\/h1>\n<p>[\/et_pb_text][\/et_pb_column][\/et_pb_row][et_pb_row column_structure=\u00bb1_3,1_3,1_3&#8243; _builder_version=\u00bb4.27.4&#8243; _module_preset=\u00bbdefault\u00bb background_color=\u00bb#000000&#8243; background_enable_image=\u00bboff\u00bb width=\u00bb100%\u00bb max_width=\u00bb678%\u00bb min_height=\u00bb301px\u00bb min_height_tablet=\u00bb301px\u00bb min_height_phone=\u00bb510px\u00bb min_height_last_edited=\u00bbon|tablet\u00bb height=\u00bb216px\u00bb height_tablet=\u00bb520px\u00bb height_phone=\u00bb214px\u00bb height_last_edited=\u00bbon|phone\u00bb max_height=\u00bb681px\u00bb max_height_tablet=\u00bb681px\u00bb max_height_phone=\u00bb1000px\u00bb max_height_last_edited=\u00bbon|phone\u00bb custom_margin=\u00bb||0px||false|false\u00bb custom_margin_tablet=\u00bb4px||6px||false|false\u00bb custom_margin_phone=\u00bb4px||6px||false|false\u00bb custom_margin_last_edited=\u00bbon|tablet\u00bb custom_padding=\u00bb2%||0px||false|false\u00bb scroll_vertical_motion_enable=\u00bbon\u00bb scroll_vertical_motion=\u00bb0|8|8|20|1|0|0&#8243; scroll_fade_enable=\u00bbon\u00bb scroll_fade=\u00bb0|7|7|20|0|40%|100&#8243; border_width_bottom=\u00bb0.1px\u00bb border_color_bottom=\u00bb#c3c3c3&#8243; border_width_bottom_tablet=\u00bb\u00bb border_width_bottom_phone=\u00bb\u00bb border_width_bottom_last_edited=\u00bbon|desktop\u00bb global_colors_info=\u00bb{}\u00bb][et_pb_column type=\u00bb1_3&#8243; _builder_version=\u00bb4.27.3&#8243; _module_preset=\u00bbdefault\u00bb global_colors_info=\u00bb{}\u00bb][et_pb_text _builder_version=\u00bb4.27.4&#8243; _module_preset=\u00bbdefault\u00bb text_font=\u00bb&#8211;et_global_heading_font|800|||||||\u00bb header_font=\u00bb&#8211;et_global_heading_font|700|||||||\u00bb header_font_size=\u00bb39px\u00bb custom_margin=\u00bb|||109px|false|false\u00bb custom_margin_tablet=\u00bb|||0px|false|false\u00bb custom_margin_phone=\u00bb|||0px|false|false\u00bb custom_margin_last_edited=\u00bbon|tablet\u00bb custom_padding=\u00bb72px|0px||0px|false|false\u00bb custom_padding_tablet=\u00bb51px|0px||0px|false|false\u00bb custom_padding_phone=\u00bb36px||||false|false\u00bb custom_padding_last_edited=\u00bbon|phone\u00bb global_colors_info=\u00bb{}\u00bb]<\/p>\n<h1 style=\"text-align: center;\"><span style=\"color: #ffffff;\">LAB+ <\/span><\/h1>\n<h1 style=\"text-align: center;\"><span style=\"color: #ffffff;\">OFRECE:<\/span><\/h1>\n<p>[\/et_pb_text][\/et_pb_column][et_pb_column type=\u00bb1_3&#8243; _builder_version=\u00bb4.16&#8243; _module_preset=\u00bbdefault\u00bb global_colors_info=\u00bb{}\u00bb][et_pb_text _builder_version=\u00bb4.27.4&#8243; _module_preset=\u00bbdefault\u00bb custom_margin_tablet=\u00bb\u00bb custom_margin_phone=\u00bb0px||||false|false\u00bb custom_margin_last_edited=\u00bbon|tablet\u00bb custom_padding=\u00bb48px||||false|false\u00bb custom_padding_tablet=\u00bb0px||||false|false\u00bb custom_padding_phone=\u00bb2px||||false|false\u00bb custom_padding_last_edited=\u00bbon|phone\u00bb global_colors_info=\u00bb{}\u00bb]<\/p>\n<p style=\"text-align: center;\"><span style=\"color: #ffffff; font-size: medium;\">&#8211; Asesoramiento estrat\u00e9gico mediante planes dise\u00f1ados a medida<\/span><\/p>\n<p style=\"text-align: center;\"><span style=\"color: #ffffff; font-size: medium;\">&#8211; Asesoramiento cient\u00edfico y respaldo acad\u00e9mico<\/span><\/p>\n<p style=\"text-align: center;\"><span style=\"color: #ffffff; font-size: medium;\">&#8211; Apoyo econ\u00f3mico y planificaci\u00f3n financiera<\/span><\/p>\n<p style=\"text-align: center;\"><span style=\"color: #ffffff; font-size: medium;\">&#8211; Asesoramiento legal y regulatorio <br \/><\/span><\/p>\n<p>[\/et_pb_text][\/et_pb_column][et_pb_column type=\u00bb1_3&#8243; _builder_version=\u00bb4.16&#8243; _module_preset=\u00bbdefault\u00bb global_colors_info=\u00bb{}\u00bb][et_pb_text _builder_version=\u00bb4.27.4&#8243; _module_preset=\u00bbdefault\u00bb custom_margin=\u00bb|32px||0px|false|false\u00bb custom_margin_tablet=\u00bb|-37px||16px|false|false\u00bb custom_margin_phone=\u00bb0px|0px|||false|false\u00bb custom_margin_last_edited=\u00bbon|desktop\u00bb custom_padding=\u00bb68px|69px|||false|false\u00bb custom_padding_tablet=\u00bb0px|69px|0px||false|false\u00bb custom_padding_phone=\u00bb0px|0px|0px||false|false\u00bb custom_padding_last_edited=\u00bbon|phone\u00bb global_colors_info=\u00bb{}\u00bb]<\/p>\n<p style=\"text-align: center;\"><span style=\"color: #ffffff; font-size: medium;\">&#8211; Gesti\u00f3n de la propiedad intelectual<\/span><\/p>\n<p style=\"text-align: center;\"><span style=\"color: #ffffff; font-size: medium;\">&#8211; Gesti\u00f3n administrativa<\/span><\/p>\n<p style=\"text-align: center;\"><span style=\"color: #ffffff; font-size: medium;\">&#8211; Asesoramiento en comunicaci\u00f3n estrat\u00e9gica <br \/><\/span><\/p>\n<p>[\/et_pb_text][\/et_pb_column][\/et_pb_row][et_pb_row _builder_version=\u00bb4.27.3&#8243; _module_preset=\u00bbdefault\u00bb width=\u00bb100%\u00bb max_width=\u00bb100%\u00bb custom_margin=\u00bb0px||0px||false|false\u00bb custom_padding=\u00bb0px||2%||false|false\u00bb global_colors_info=\u00bb{}\u00bb][et_pb_column type=\u00bb4_4&#8243; _builder_version=\u00bb4.27.3&#8243; _module_preset=\u00bbdefault\u00bb background_image=\u00bbhttps:\/\/labplus.uy\/wp-content\/uploads\/2024\/11\/close-up-hand-wearing-protection-glove-scaled.jpg\u00bb custom_padding=\u00bb|10%||10%|false|true\u00bb global_colors_info=\u00bb{}\u00bb][et_pb_text _builder_version=\u00bb4.27.3&#8243; _module_preset=\u00bbdefault\u00bb custom_padding=\u00bb15%||5%||false|false\u00bb global_colors_info=\u00bb{}\u00bb]<\/p>\n<h1 style=\"text-align: center;\"><strong><span style=\"color: #ffffff; font-size: xx-large;\">Promovemos un ecosistema de innovaci\u00f3n asociado directamente a la generaci\u00f3n de conocimiento<\/span><\/strong><\/h1>\n<p>[\/et_pb_text][\/et_pb_column][\/et_pb_row][et_pb_row column_structure=\u00bb1_2,1_2&#8243; _builder_version=\u00bb4.27.3&#8243; _module_preset=\u00bbdefault\u00bb global_colors_info=\u00bb{}\u00bb][et_pb_column type=\u00bb1_2&#8243; _builder_version=\u00bb4.27.3&#8243; _module_preset=\u00bbdefault\u00bb global_colors_info=\u00bb{}\u00bb][et_pb_toggle title=\u00bbBeneficios de ser parte del ecosistema LAB+\u00bb _builder_version=\u00bb4.27.3&#8243; _module_preset=\u00bbdefault\u00bb closed_title_font=\u00bb&#8211;et_global_heading_font||||||||\u00bb text_orientation=\u00bbleft\u00bb title_font_size_tablet=\u00bb\u00bb title_font_size_phone=\u00bb19px\u00bb title_font_size_last_edited=\u00bbon|phone\u00bb body_font_size_tablet=\u00bb\u00bb body_font_size_phone=\u00bb16px\u00bb body_font_size_last_edited=\u00bbon|phone\u00bb global_colors_info=\u00bb{}\u00bb]<\/p>\n<p>&#8211; Posibilidad de apoyo locativo dentro del Institut Pasteur de Montevideo.<br \/>-Acceso a infraestructura, equipamiento y servicios t\u00e9cnico-cient\u00edficos especializados.<br \/>&#8211; Inclusi\u00f3n en una din\u00e1mica comunidad cient\u00edfica e innovadora.<br \/>&#8211; Apoyo y gesti\u00f3n administrativa de proyectos de agencias financiadoras nacionales e internacionales (fondos no-reembolsables y equity free). <br \/>-Networking a nivel nacional e internacional. <\/p>\n<p>[\/et_pb_toggle][\/et_pb_column][et_pb_column type=\u00bb1_2&#8243; _builder_version=\u00bb4.27.3&#8243; _module_preset=\u00bbdefault\u00bb global_colors_info=\u00bb{}\u00bb][et_pb_toggle title=\u00bb\u00bfMi idea o startup califica para LAB+?\u00bb _builder_version=\u00bb4.27.4&#8243; _module_preset=\u00bbdefault\u00bb text_orientation=\u00bbleft\u00bb hover_enabled=\u00bb0&#8243; title_font_size_tablet=\u00bb\u00bb title_font_size_phone=\u00bb18px\u00bb title_font_size_last_edited=\u00bbon|phone\u00bb body_font_size_tablet=\u00bb\u00bb body_font_size_phone=\u00bb16px\u00bb body_font_size_last_edited=\u00bbon|phone\u00bb global_colors_info=\u00bb{}\u00bb sticky_enabled=\u00bb0&#8243;]<\/p>\n<p>LAB+ se centra en proyectos y startups basadas en ciencia de alta calidad que puedan generar soluciones innovadoras y\/o disruptivas.<\/p>\n<p>Es requisito que la\/las tecnolog\u00edas que se emplean puedan ser protegidas por patentes de invenci\u00f3n u otras formas de propiedad intelectual. Impulsamos soluciones innovadoras que van desde productos farmac\u00e9uticos revolucionarios, dispositivos m\u00e9dicos avanzados o soluciones disruptivas de alto impacto en las distintas \u00e1reas de inter\u00e9s bajo el concepto de \u201cUna Sola Salud\u201d (salud humana, animal y ambiental).<\/p>\n<p>[\/et_pb_toggle][\/et_pb_column][\/et_pb_row][et_pb_row _builder_version=\u00bb4.27.3&#8243; _module_preset=\u00bbdefault\u00bb global_colors_info=\u00bb{}\u00bb][et_pb_column type=\u00bb4_4&#8243; _builder_version=\u00bb4.27.3&#8243; _module_preset=\u00bbdefault\u00bb global_colors_info=\u00bb{}\u00bb][et_pb_toggle title=\u00bb\u00bfC\u00f3mo puedo postularme a LAB+? \u00bb open_toggle_text_color=\u00bb#FFFFFF\u00bb open_toggle_background_color=\u00bb#06509b\u00bb closed_toggle_text_color=\u00bb#FFFFFF\u00bb closed_toggle_background_color=\u00bb#06509b\u00bb _builder_version=\u00bb4.27.3&#8243; _module_preset=\u00bbdefault\u00bb title_text_color=\u00bb#FFFFFF\u00bb title_font=\u00bb&#8211;et_global_heading_font||||||||\u00bb title_text_align=\u00bbcenter\u00bb title_font_size=\u00bb23px\u00bb title_line_height=\u00bb1.2em\u00bb closed_title_font=\u00bbPoppins||||||||\u00bb closed_title_font_size=\u00bb23px\u00bb body_font=\u00bb&#8211;et_global_body_font|300|||||||\u00bb body_text_align=\u00bbcenter\u00bb body_text_color=\u00bb#FFFFFF\u00bb text_orientation=\u00bbcenter\u00bb title_text_align_tablet=\u00bbcenter\u00bb title_text_align_phone=\u00bbcenter\u00bb title_text_align_last_edited=\u00bbon|phone\u00bb global_colors_info=\u00bb{}\u00bb]<\/p>\n<p><span style=\"color: #ffffff; font-size: medium;\">Peri\u00f3dicamente, LAB+ lanza llamados internacionales que cursan un posterior proceso de an\u00e1lisis y selecci\u00f3n de las propuestas m\u00e1s relevantes.<\/span><\/p>\n<p><span style=\"color: #ffffff; font-size: medium;\">De todas formas, si te interesa postularte pero no hay llamados abiertos, pod\u00e9s contactarte con nosotros para tener una reuni\u00f3n preliminar y analizar tu caso:<\/span> <span style=\"color: #ffffff; font-size: medium;\">info@labplus.com.uy<\/span><\/p>\n<p>[\/et_pb_toggle][\/et_pb_column][\/et_pb_row][\/et_pb_section]<\/p>\n","protected":false},"excerpt":{"rendered":"<p>STARTUPS Impulsamos tus desarrollos cient\u00edficos y te ayudamos a llevarlos al mercado Si ten\u00e9s una misi\u00f3n y visi\u00f3n que impacte de manera positiva en la salud humana, animal o ambiental, con s\u00f3lidas bases cient\u00edficas, te asesoramos para que se convierta en una exitosa startup de clase mundial.Desde el equipo multidisciplinario de LAB+ damos apoyo personalizado [&hellip;]<\/p>\n","protected":false},"author":4,"featured_media":0,"parent":0,"menu_order":0,"comment_status":"closed","ping_status":"closed","template":"","meta":{"_acf_changed":false,"_et_pb_use_builder":"on","_et_pb_old_content":"","_et_gb_content_width":"","_monsterinsights_skip_tracking":false,"_monsterinsights_sitenote_active":false,"_monsterinsights_sitenote_note":"","_monsterinsights_sitenote_category":0,"footnotes":""},"class_list":["post-24847876","page","type-page","status-publish","hentry"],"acf":[],"_links":{"self":[{"href":"https:\/\/labplus.uy\/es\/wp-json\/wp\/v2\/pages\/24847876","targetHints":{"allow":["GET"]}}],"collection":[{"href":"https:\/\/labplus.uy\/es\/wp-json\/wp\/v2\/pages"}],"about":[{"href":"https:\/\/labplus.uy\/es\/wp-json\/wp\/v2\/types\/page"}],"author":[{"embeddable":true,"href":"https:\/\/labplus.uy\/es\/wp-json\/wp\/v2\/users\/4"}],"replies":[{"embeddable":true,"href":"https:\/\/labplus.uy\/es\/wp-json\/wp\/v2\/comments?post=24847876"}],"version-history":[{"count":5,"href":"https:\/\/labplus.uy\/es\/wp-json\/wp\/v2\/pages\/24847876\/revisions"}],"predecessor-version":[{"id":24848125,"href":"https:\/\/labplus.uy\/es\/wp-json\/wp\/v2\/pages\/24847876\/revisions\/24848125"}],"wp:attachment":[{"href":"https:\/\/labplus.uy\/es\/wp-json\/wp\/v2\/media?parent=24847876"}],"curies":[{"name":"wp","href":"https:\/\/api.w.org\/{rel}","templated":true}]}}