{"id":24847894,"date":"2024-11-25T18:57:57","date_gmt":"2024-11-25T18:57:57","guid":{"rendered":"https:\/\/labplus.uy\/que-hacemos\/"},"modified":"2025-04-11T19:15:26","modified_gmt":"2025-04-11T19:15:26","slug":"que-hacemos","status":"publish","type":"page","link":"https:\/\/labplus.uy\/es\/que-hacemos\/","title":{"rendered":"Qu\u00e9 hacemos"},"content":{"rendered":"<p>[et_pb_section fb_built=\u00bb1&#8243; _builder_version=\u00bb4.27.2&#8243; _module_preset=\u00bbdefault\u00bb background_image=\u00bbhttps:\/\/labplus.uy\/wp-content\/uploads\/2024\/10\/side-view-scientist-mixing-substances-editado-scaled.jpg\u00bb background_position=\u00bbtop_right\u00bb background_vertical_offset=\u00bb20%\u00bb height=\u00bb400px\u00bb custom_padding=\u00bb||0px|||\u00bb custom_css_main_element=\u00bbjustify-content: center;||flex-direction: column;||display: flex;\u00bb global_colors_info=\u00bb{}\u00bb][et_pb_row _builder_version=\u00bb4.24.2&#8243; _module_preset=\u00bbdefault\u00bb max_width=\u00bb80%\u00bb global_colors_info=\u00bb{}\u00bb][et_pb_column type=\u00bb4_4&#8243; _builder_version=\u00bb4.24.2&#8243; _module_preset=\u00bbdefault\u00bb global_colors_info=\u00bb{}\u00bb][et_pb_text _builder_version=\u00bb4.25.1&#8243; _module_preset=\u00bbdefault\u00bb header_font=\u00bb|700|||||||\u00bb header_text_color=\u00bb#FFFFFF\u00bb header_font_size=\u00bb5em\u00bb header_font_size_tablet=\u00bb4em\u00bb header_font_size_phone=\u00bb3em\u00bb header_font_size_last_edited=\u00bbon|phone\u00bb global_colors_info=\u00bb{}\u00bb]<\/p>\n<h1>QU\u00c9 HACEMOS<\/h1>\n<p>[\/et_pb_text][\/et_pb_column][\/et_pb_row][\/et_pb_section][et_pb_section fb_built=\u00bb1&#8243; _builder_version=\u00bb4.16&#8243; _module_preset=\u00bbdefault\u00bb custom_padding=\u00bb17px|||||\u00bb global_colors_info=\u00bb{}\u00bb][et_pb_row _builder_version=\u00bb4.24.2&#8243; _module_preset=\u00bbdefault\u00bb max_width=\u00bb80%\u00bb custom_margin=\u00bb|auto|-3px|auto||\u00bb custom_padding=\u00bb3px||8px|||\u00bb scroll_vertical_motion_enable=\u00bbon\u00bb scroll_vertical_motion=\u00bb0|8|8|20|1|0|0&#8243; scroll_fade_enable=\u00bbon\u00bb scroll_fade=\u00bb0|7|7|20|0|40%|100&#8243; border_width_bottom=\u00bb0.1px\u00bb border_color_bottom=\u00bb#c3c3c3&#8243; border_width_bottom_tablet=\u00bb\u00bb border_width_bottom_phone=\u00bb\u00bb border_width_bottom_last_edited=\u00bbon|desktop\u00bb global_colors_info=\u00bb{}\u00bb][et_pb_column type=\u00bb4_4&#8243; _builder_version=\u00bb4.16&#8243; _module_preset=\u00bbdefault\u00bb global_colors_info=\u00bb{}\u00bb][et_pb_text _builder_version=\u00bb4.27.2&#8243; _module_preset=\u00bbdefault\u00bb text_font=\u00bbPoppins|300|||||||\u00bb text_font_size=\u00bb1px\u00bb text_line_height=\u00bb1em\u00bb header_text_align=\u00bbcenter\u00bb header_line_height=\u00bb1.3em\u00bb custom_margin=\u00bb13px||14px||false|false\u00bb global_colors_info=\u00bb{}\u00bb]<\/p>\n<div class=\"flex max-w-full flex-col flex-grow\">\n<div class=\"min-h-8 text-message flex w-full flex-col items-end gap-2 whitespace-normal break-words [.text-message+&amp;]:mt-5\" dir=\"auto\" data-message-author-role=\"assistant\" data-message-id=\"f9253b0b-5a08-4b42-bd57-3d6898547891\" data-message-model-slug=\"gpt-4o-mini\">\n<div class=\"flex w-full flex-col gap-1 empty:hidden first:pt-[3px]\">\n<div class=\"markdown prose w-full break-words dark:prose-invert light\">\n<h1 style=\"text-align: center;\"><span style=\"font-size: xx-large; color: #424242;\"><strong>Mejoramos la vida de las personas e impulsamos un desarrollo humano saludable a trav\u00e9s de ciencia de alta calidad<\/strong><\/span><\/h1>\n<\/div>\n<\/div>\n<\/div>\n<\/div>\n<p>&nbsp;<\/p>\n<p>[\/et_pb_text][\/et_pb_column][\/et_pb_row][et_pb_row column_structure=\u00bb1_2,1_2&#8243; custom_padding_last_edited=\u00bbon|phone\u00bb _builder_version=\u00bb4.27.3&#8243; _module_preset=\u00bbdefault\u00bb max_width=\u00bb80%\u00bb min_height=\u00bb315px\u00bb custom_padding=\u00bb22px||31px||false|false\u00bb custom_padding_tablet=\u00bb22px||31px||false|false\u00bb custom_padding_phone=\u00bb0px||||false|false\u00bb scroll_vertical_motion_enable=\u00bbon\u00bb scroll_vertical_motion=\u00bb0|8|8|20|1|0|0&#8243; scroll_fade_enable=\u00bbon\u00bb scroll_fade=\u00bb0|7|7|20|0|40%|100&#8243; border_width_bottom=\u00bb0.1px\u00bb border_color_bottom=\u00bb#c3c3c3&#8243; border_width_bottom_tablet=\u00bb\u00bb border_width_bottom_phone=\u00bb\u00bb border_width_bottom_last_edited=\u00bbon|desktop\u00bb global_colors_info=\u00bb{}\u00bb][et_pb_column type=\u00bb1_2&#8243; _builder_version=\u00bb4.16&#8243; _module_preset=\u00bbdefault\u00bb global_colors_info=\u00bb{}\u00bb][et_pb_text _builder_version=\u00bb4.27.4&#8243; _module_preset=\u00bbdefault\u00bb text_font=\u00bbPoppins|300|||||||\u00bb text_font_size=\u00bb48px\u00bb width=\u00bb96.3%\u00bb min_height=\u00bb185.2px\u00bb custom_margin=\u00bb73px|12px||46px|false|false\u00bb custom_margin_tablet=\u00bb67px|||0px|false|false\u00bb custom_margin_phone=\u00bb44px|||0px|false|false\u00bb custom_margin_last_edited=\u00bbon|phone\u00bb custom_padding=\u00bb|34px|55px||false|false\u00bb custom_padding_tablet=\u00bb|0px||4px|false|false\u00bb custom_padding_phone=\u00bb|0px||10px|false|false\u00bb custom_padding_last_edited=\u00bbon|tablet\u00bb global_colors_info=\u00bb{}\u00bb]<\/p>\n<p style=\"text-align: center;\"><span style=\"color: #424242;\"><span style=\"font-size: large;\">En LAB+ Company Builder captamos capital privado para invertir en ideas cient\u00edficas innovadoras y en startups ya constituidas en el \u00e1rea de las ciencias de la vida, que desarrollan soluciones de impacto para resolver problemas asociados a la salud humana, animal o ambiental. <br \/><\/span><\/span><\/p>\n<p>[\/et_pb_text][\/et_pb_column][et_pb_column type=\u00bb1_2&#8243; _builder_version=\u00bb4.16&#8243; _module_preset=\u00bbdefault\u00bb global_colors_info=\u00bb{}\u00bb][et_pb_image src=\u00bbhttps:\/\/labplus.uy\/wp-content\/uploads\/2024\/10\/PASTEUR_20240222JC_0389.jpg\u00bb alt=\u00bbLamparita, innovaci\u00f3n\u00bb title_text=\u00bbAlicia Bentancor, Carlos Batthy\u00e1ny y Paul Elberse durante la presentaci\u00f3n de Lab+Venture Builder en el Instituto Pasteur en Montevideo. Foto: Javier Calvelo \/ adhocFOTOS\u00bb force_fullwidth=\u00bbon\u00bb show_bottom_space_tablet=\u00bb\u00bb show_bottom_space_phone=\u00bbon\u00bb show_bottom_space_last_edited=\u00bbon|desktop\u00bb align_tablet=\u00bb\u00bb align_phone=\u00bbcenter\u00bb align_last_edited=\u00bbon|phone\u00bb _builder_version=\u00bb4.27.4&#8243; _module_preset=\u00bbdefault\u00bb width_tablet=\u00bb100%\u00bb width_phone=\u00bb100%\u00bb width_last_edited=\u00bbon|phone\u00bb module_alignment=\u00bbright\u00bb height_tablet=\u00bb405px\u00bb height_phone=\u00bb243px\u00bb height_last_edited=\u00bbon|desktop\u00bb custom_margin=\u00bb|||57px|false|false\u00bb custom_margin_tablet=\u00bb|||57px|false|false\u00bb custom_margin_phone=\u00bb-68px|||0px|false|false\u00bb custom_margin_last_edited=\u00bbon|phone\u00bb custom_padding=\u00bb|0px|0px|0px|false|false\u00bb custom_padding_tablet=\u00bb|0px|0px|0px|false|false\u00bb custom_padding_phone=\u00bb0px||||false|false\u00bb custom_padding_last_edited=\u00bbon|phone\u00bb global_colors_info=\u00bb{}\u00bb][\/et_pb_image][\/et_pb_column][\/et_pb_row][et_pb_row column_structure=\u00bb1_3,1_3,1_3&#8243; custom_padding_last_edited=\u00bbon|phone\u00bb _builder_version=\u00bb4.27.4&#8243; _module_preset=\u00bbdefault\u00bb width_tablet=\u00bb\u00bb width_phone=\u00bb\u00bb width_last_edited=\u00bbon|phone\u00bb max_width=\u00bb80%\u00bb min_height=\u00bb350.6px\u00bb custom_margin=\u00bb39px||||false|false\u00bb custom_margin_tablet=\u00bb39px||||false|false\u00bb custom_margin_phone=\u00bb39px||||false|false\u00bb custom_margin_last_edited=\u00bbon|phone\u00bb custom_padding=\u00bb3px||0px||false|false\u00bb custom_padding_tablet=\u00bb3px||0px||false|false\u00bb custom_padding_phone=\u00bb1px||0px||false|false\u00bb scroll_vertical_motion_enable=\u00bbon\u00bb scroll_vertical_motion=\u00bb0|8|8|20|1|0|0&#8243; scroll_fade_enable=\u00bbon\u00bb scroll_fade=\u00bb0|7|7|20|0|40%|100&#8243; border_width_bottom=\u00bb0.1px\u00bb border_color_bottom=\u00bb#c3c3c3&#8243; global_colors_info=\u00bb{}\u00bb][et_pb_column type=\u00bb1_3&#8243; _builder_version=\u00bb4.16&#8243; _module_preset=\u00bbdefault\u00bb global_colors_info=\u00bb{}\u00bb][et_pb_text _builder_version=\u00bb4.27.3&#8243; _module_preset=\u00bbdefault\u00bb text_font=\u00bbPoppins|300|||||||\u00bb text_font_size=\u00bb13px\u00bb min_height=\u00bb202.3px\u00bb custom_margin=\u00bb||-68px|||\u00bb custom_padding_tablet=\u00bb||0px|||\u00bb custom_padding_phone=\u00bb\u00bb custom_padding_last_edited=\u00bbon|desktop\u00bb global_colors_info=\u00bb{}\u00bb]<\/p>\n<h1 style=\"text-align: justify;\"><span style=\"font-size: small;\"><strong>&#8211; Llamados internacionales<\/strong>\u00a0a cient\u00edficos y cient\u00edficas con ideas disruptivas.<\/span><\/h1>\n<h1 style=\"text-align: justify;\"><span style=\"font-size: small;\"><strong>&#8211; Ciencia de calidad:<\/strong> Nuestro equipo trabaja de cerca con los candidatos para validar sus investigaciones.<\/span><\/h1>\n<h1 style=\"text-align: justify;\"><span style=\"font-size: small;\"><strong>-Apoyo integral:<\/strong> Ofrecemos a las y los fundadores asistencia estrat\u00e9gica, cient\u00edfica, administrativa y financiera, desde la creaci\u00f3n de su compa\u00f1\u00eda hasta la consolidaci\u00f3n de la startup.<\/span><\/h1>\n<p>[\/et_pb_text][\/et_pb_column][et_pb_column type=\u00bb1_3&#8243; _builder_version=\u00bb4.16&#8243; _module_preset=\u00bbdefault\u00bb global_colors_info=\u00bb{}\u00bb][et_pb_text _builder_version=\u00bb4.27.4&#8243; _module_preset=\u00bbdefault\u00bb width=\u00bb91.1%\u00bb min_height=\u00bb100px\u00bb custom_margin=\u00bb7px|25px|-5px|17px|false|false\u00bb custom_margin_tablet=\u00bb0px|25px|-58px|17px|false|false\u00bb custom_margin_phone=\u00bb0px|0px|-16px|17px|false|false\u00bb custom_margin_last_edited=\u00bboff|desktop\u00bb custom_padding=\u00bb47px|0px|0px|0px|false|false\u00bb custom_padding_phone=\u00bb78px|0px|0px|0px|false|false\u00bb custom_padding_last_edited=\u00bboff|desktop\u00bb global_colors_info=\u00bb{}\u00bb]<\/p>\n<h3 style=\"text-align: center;\"><b>En una primera ronda de capitalizaci\u00f3n que cerr\u00f3 en febrero de 2024, LAB+ comprometi\u00f3 US$ 750.000 en inversi\u00f3n para cada una de sus primeras cuatro startups.<\/b><\/h3>\n<p>[\/et_pb_text][\/et_pb_column][et_pb_column type=\u00bb1_3&#8243; _builder_version=\u00bb4.16&#8243; _module_preset=\u00bbdefault\u00bb global_colors_info=\u00bb{}\u00bb][et_pb_text _builder_version=\u00bb4.27.4&#8243; _module_preset=\u00bbdefault\u00bb text_font=\u00bbPoppins|300|||||||\u00bb text_font_size=\u00bb13px\u00bb custom_margin_tablet=\u00bb||0px||false|false\u00bb custom_margin_phone=\u00bb||0px||false|false\u00bb custom_margin_last_edited=\u00bbon|phone\u00bb custom_padding=\u00bb19px||0px||false|false\u00bb custom_padding_tablet=\u00bb16px||0px||false|false\u00bb custom_padding_phone=\u00bb9px||||false|false\u00bb custom_padding_last_edited=\u00bbon|desktop\u00bb global_colors_info=\u00bb{}\u00bb]<\/p>\n<h1 style=\"text-align: justify;\"><span style=\"font-size: small;\"><strong>&#8211; Networking global:<\/strong> Brindamos acceso a una s\u00f3lida red internacional, que conecta a los emprendedores con la comunidad acad\u00e9mica, actores l\u00edderes de la industria, fondos de inversi\u00f3n e inversores privados.<\/span><\/h1>\n<h1 style=\"text-align: justify;\"><span style=\"font-size: small;\">&#8211; <strong>Prestigio:<\/strong> Estar asociadas al Institut Pasteur de Montevideo aporta credibilidad y visibilidad a las startups.<\/span><\/h1>\n<p>[\/et_pb_text][\/et_pb_column][\/et_pb_row][et_pb_row make_equal=\u00bbon\u00bb custom_padding_last_edited=\u00bbon|phone\u00bb _builder_version=\u00bb4.27.3&#8243; _module_preset=\u00bbdefault\u00bb background_image=\u00bbhttps:\/\/labplus.uy\/wp-content\/uploads\/2024\/10\/aerial-view-countryside-road-scaled.jpg\u00bb background_position=\u00bbtop_left\u00bb background_horizontal_offset=\u00bb-4%\u00bb background_vertical_offset=\u00bb64%\u00bb background_enable_video_mp4=\u00bboff\u00bb width=\u00bb100%\u00bb max_width=\u00bb100%\u00bb custom_margin=\u00bb||||false|false\u00bb custom_margin_tablet=\u00bb|auto||0px|false|false\u00bb custom_margin_phone=\u00bb22px|auto||0px|false|false\u00bb custom_margin_last_edited=\u00bbon|tablet\u00bb custom_padding=\u00bb10px||10px||false|false\u00bb custom_padding_tablet=\u00bb10px||10px||false|false\u00bb custom_padding_phone=\u00bb0px||0px|0px|false|false\u00bb scroll_vertical_motion_enable=\u00bbon\u00bb scroll_vertical_motion=\u00bb0|8|8|20|1|0|0&#8243; scroll_fade_enable=\u00bbon\u00bb scroll_fade=\u00bb0|7|7|20|0|40%|100&#8243; border_width_bottom=\u00bb0.1px\u00bb border_color_bottom=\u00bb#c3c3c3&#8243; border_width_bottom_tablet=\u00bb\u00bb border_width_bottom_phone=\u00bb\u00bb border_width_bottom_last_edited=\u00bbon|desktop\u00bb global_colors_info=\u00bb{}\u00bb][et_pb_column type=\u00bb4_4&#8243; _builder_version=\u00bb4.16&#8243; _module_preset=\u00bbdefault\u00bb global_colors_info=\u00bb{}\u00bb][et_pb_text _builder_version=\u00bb4.27.3&#8243; _module_preset=\u00bbdefault\u00bb text_font=\u00bbPoppins|300|||||||\u00bb text_font_size=\u00bb13px\u00bb width=\u00bb100%\u00bb max_width=\u00bb85%\u00bb module_alignment=\u00bbcenter\u00bb custom_margin=\u00bb7%||7%||true|false\u00bb custom_margin_tablet=\u00bb||||false|false\u00bb custom_margin_phone=\u00bb7%||7%||false|false\u00bb custom_margin_last_edited=\u00bbon|desktop\u00bb custom_padding=\u00bb||||false|false\u00bb text_line_height_tablet=\u00bb\u00bb text_line_height_phone=\u00bb1.6em\u00bb text_line_height_last_edited=\u00bbon|phone\u00bb custom_css_main_element=\u00bbdisplay: flex;||justify-content: center;||align-items: center;\u00bb global_colors_info=\u00bb{}\u00bb]<\/p>\n<div class=\"flex max-w-full flex-col flex-grow\">\n<div class=\"min-h-8 text-message flex w-full flex-col items-end gap-2 whitespace-normal break-words [.text-message+&amp;]:mt-5\" dir=\"auto\" data-message-author-role=\"assistant\" data-message-id=\"ce6c2d71-2c48-4cf0-ab0a-86d58269b8d2\" data-message-model-slug=\"gpt-4o-mini\">\n<div class=\"flex w-full flex-col gap-1 empty:hidden first:pt-[3px]\">\n<div class=\"markdown prose w-full break-words dark:prose-invert light\">\n<h1 style=\"text-align: center;\"><strong><span style=\"color: #ffffff; font-size: xx-large;\">Contribuimos al desarrollo econ\u00f3mico de Uruguay y la regi\u00f3n<\/span><\/strong><\/h1>\n<\/div>\n<\/div>\n<\/div>\n<\/div>\n<p>[\/et_pb_text][\/et_pb_column][\/et_pb_row][et_pb_row column_structure=\u00bb1_2,1_2&#8243; _builder_version=\u00bb4.27.4&#8243; _module_preset=\u00bbdefault\u00bb border_width_bottom=\u00bb1px\u00bb border_color_bottom=\u00bb#c9c9c9&#8243; global_colors_info=\u00bb{}\u00bb][et_pb_column type=\u00bb1_2&#8243; _builder_version=\u00bb4.27.4&#8243; _module_preset=\u00bbdefault\u00bb global_colors_info=\u00bb{}\u00bb][et_pb_text _builder_version=\u00bb4.27.4&#8243; _module_preset=\u00bbdefault\u00bb global_colors_info=\u00bb{}\u00bb]<\/p>\n<h1 style=\"text-align: justify;\"><span style=\"font-size: small;\">El modelo \u00fanico de LAB+ es la clave para impulsar la econom\u00eda del conocimiento porque genera valor para las empresas, el pa\u00eds y el sistema cient\u00edfico. Distribuye el valor resultante para impulsar la ciencia de calidad y generar ecosistemas de innovaci\u00f3n en el lugar donde se gesta el conocimiento.<\/span><\/h1>\n<p>[\/et_pb_text][\/et_pb_column][et_pb_column type=\u00bb1_2&#8243; _builder_version=\u00bb4.27.4&#8243; _module_preset=\u00bbdefault\u00bb global_colors_info=\u00bb{}\u00bb][et_pb_text _builder_version=\u00bb4.27.4&#8243; _module_preset=\u00bbdefault\u00bb global_colors_info=\u00bb{}\u00bb]<\/p>\n<h1 style=\"text-align: justify;\"><span style=\"font-size: small;\">La company builder impulsa el impacto real de la ciencia en el d\u00eda a d\u00eda de las personas a trav\u00e9s del concepto \u201cUna Salud\u201d, que vela por el desarrollo y la implementaci\u00f3n de soluciones a problemas que vinculan la salud humana con la salud animal y ambiental.<\/span><\/h1>\n<p>[\/et_pb_text][\/et_pb_column][\/et_pb_row][et_pb_row _builder_version=\u00bb4.27.4&#8243; _module_preset=\u00bbdefault\u00bb min_height=\u00bb138px\u00bb custom_padding=\u00bb20px||||false|false\u00bb scroll_vertical_motion_enable=\u00bbon\u00bb scroll_vertical_motion=\u00bb0|8|8|20|1|0|0&#8243; global_colors_info=\u00bb{}\u00bb][et_pb_column type=\u00bb4_4&#8243; _builder_version=\u00bb4.27.2&#8243; _module_preset=\u00bbdefault\u00bb global_colors_info=\u00bb{}\u00bb][et_pb_text _builder_version=\u00bb4.27.2&#8243; _module_preset=\u00bbdefault\u00bb text_font=\u00bbPoppins|300|||||||\u00bb text_font_size=\u00bb1px\u00bb text_line_height=\u00bb1em\u00bb header_text_align=\u00bbcenter\u00bb header_line_height=\u00bb1.3em\u00bb custom_margin=\u00bb13px||14px||false|false\u00bb global_colors_info=\u00bb{}\u00bb]<\/p>\n<div class=\"flex max-w-full flex-col flex-grow\">\n<div class=\"min-h-8 text-message flex w-full flex-col items-end gap-2 whitespace-normal break-words [.text-message+&amp;]:mt-5\" dir=\"auto\" data-message-author-role=\"assistant\" data-message-id=\"f9253b0b-5a08-4b42-bd57-3d6898547891\" data-message-model-slug=\"gpt-4o-mini\">\n<div class=\"flex w-full flex-col gap-1 empty:hidden first:pt-[3px]\">\n<div class=\"markdown prose w-full break-words dark:prose-invert light\">\n<h1 style=\"text-align: center;\"><span style=\"font-size: xx-large; color: #424242;\"><strong>Transformamos conocimiento cient\u00edfico en soluciones globales<\/strong><\/span><\/h1>\n<\/div>\n<\/div>\n<\/div>\n<\/div>\n<p>[\/et_pb_text][\/et_pb_column][\/et_pb_row][\/et_pb_section]<\/p>\n","protected":false},"excerpt":{"rendered":"<p>QU\u00c9 HACEMOS Mejoramos la vida de las personas e impulsamos un desarrollo humano saludable a trav\u00e9s de ciencia de alta calidad &nbsp;En LAB+ Company Builder captamos capital privado para invertir en ideas cient\u00edficas innovadoras y en startups ya constituidas en el \u00e1rea de las ciencias de la vida, que desarrollan soluciones de impacto para resolver [&hellip;]<\/p>\n","protected":false},"author":4,"featured_media":0,"parent":0,"menu_order":0,"comment_status":"closed","ping_status":"closed","template":"","meta":{"_acf_changed":false,"_et_pb_use_builder":"on","_et_pb_old_content":"","_et_gb_content_width":"","_monsterinsights_skip_tracking":false,"_monsterinsights_sitenote_active":false,"_monsterinsights_sitenote_note":"","_monsterinsights_sitenote_category":0,"footnotes":""},"class_list":["post-24847894","page","type-page","status-publish","hentry"],"acf":[],"_links":{"self":[{"href":"https:\/\/labplus.uy\/es\/wp-json\/wp\/v2\/pages\/24847894","targetHints":{"allow":["GET"]}}],"collection":[{"href":"https:\/\/labplus.uy\/es\/wp-json\/wp\/v2\/pages"}],"about":[{"href":"https:\/\/labplus.uy\/es\/wp-json\/wp\/v2\/types\/page"}],"author":[{"embeddable":true,"href":"https:\/\/labplus.uy\/es\/wp-json\/wp\/v2\/users\/4"}],"replies":[{"embeddable":true,"href":"https:\/\/labplus.uy\/es\/wp-json\/wp\/v2\/comments?post=24847894"}],"version-history":[{"count":5,"href":"https:\/\/labplus.uy\/es\/wp-json\/wp\/v2\/pages\/24847894\/revisions"}],"predecessor-version":[{"id":24848113,"href":"https:\/\/labplus.uy\/es\/wp-json\/wp\/v2\/pages\/24847894\/revisions\/24848113"}],"wp:attachment":[{"href":"https:\/\/labplus.uy\/es\/wp-json\/wp\/v2\/media?parent=24847894"}],"curies":[{"name":"wp","href":"https:\/\/api.w.org\/{rel}","templated":true}]}}