{"id":24847926,"date":"2024-11-27T14:56:15","date_gmt":"2024-11-27T14:56:15","guid":{"rendered":"https:\/\/labplus.uy\/de-risking-la-estrategia-que-usamos-para-minimizar-riesgos\/"},"modified":"2024-11-29T15:21:18","modified_gmt":"2024-11-29T15:21:18","slug":"de-risking-la-estrategia-que-usamos-para-minimizar-riesgos","status":"publish","type":"page","link":"https:\/\/labplus.uy\/es\/de-risking-la-estrategia-que-usamos-para-minimizar-riesgos\/","title":{"rendered":"De-risking: La estrategia que usamos para minimizar riesgos"},"content":{"rendered":"<p>[et_pb_section fb_built=\u00bb1&#8243; _builder_version=\u00bb4.27.3&#8243; _module_preset=\u00bbdefault\u00bb background_image=\u00bbhttps:\/\/labplus.uy\/wp-content\/uploads\/2024\/10\/two-confident-business-man-shaking-hands-meeting-office-success-dealing-greeting-partner-concept-scaled.jpg\u00bb height=\u00bb400px\u00bb custom_css_main_element=\u00bbjustify-content: center;||flex-direction: column;||display: flex;\u00bb global_colors_info=\u00bb{}\u00bb][et_pb_row _builder_version=\u00bb4.24.2&#8243; _module_preset=\u00bbdefault\u00bb max_width=\u00bb80%\u00bb global_colors_info=\u00bb{}\u00bb][et_pb_column type=\u00bb4_4&#8243; _builder_version=\u00bb4.24.2&#8243; _module_preset=\u00bbdefault\u00bb global_colors_info=\u00bb{}\u00bb][et_pb_text _builder_version=\u00bb4.27.3&#8243; _module_preset=\u00bbdefault\u00bb text_font=\u00bb||||||||\u00bb header_font=\u00bb|700|||||||\u00bb header_text_color=\u00bb#FFFFFF\u00bb header_font_size=\u00bb5em\u00bb custom_margin=\u00bb0px||||false|false\u00bb custom_padding=\u00bb25px||||false|false\u00bb text_font_tablet=\u00bb||||||||\u00bb text_font_phone=\u00bb||||||||\u00bb text_font_last_edited=\u00bbon|desktop\u00bb text_text_color_tablet=\u00bb\u00bb text_text_color_phone=\u00bb\u00bb text_text_color_last_edited=\u00bbon|phone\u00bb text_font_size_tablet=\u00bb\u00bb text_font_size_phone=\u00bb\u00bb text_font_size_last_edited=\u00bbon|phone\u00bb header_font_size_tablet=\u00bb4em\u00bb header_font_size_phone=\u00bb3em\u00bb header_font_size_last_edited=\u00bbon|phone\u00bb text_text_shadow_style=\u00bbpreset3&#8243; text_text_shadow_color=\u00bb#262626&#8243; global_colors_info=\u00bb{}\u00bb]<\/p>\n<h1>DE-RISKING<\/h1>\n<h2><span style=\"color: #ffffff;\">La estrategia que usamos para minimizar riesgos<\/span><\/h2>\n<p>[\/et_pb_text][\/et_pb_column][\/et_pb_row][\/et_pb_section][et_pb_section fb_built=\u00bb1&#8243; _builder_version=\u00bb4.16&#8243; _module_preset=\u00bbdefault\u00bb custom_padding=\u00bb51px|||||\u00bb global_colors_info=\u00bb{}\u00bb][et_pb_row column_structure=\u00bb1_2,1_2&#8243; _builder_version=\u00bb4.27.3&#8243; _module_preset=\u00bbdefault\u00bb max_width=\u00bb80%\u00bb custom_margin=\u00bb21px|auto||auto||\u00bb custom_padding=\u00bb3px||31px|||\u00bb scroll_vertical_motion_enable=\u00bbon\u00bb scroll_vertical_motion=\u00bb0|8|8|20|1|0|0&#8243; scroll_fade_enable=\u00bbon\u00bb scroll_fade=\u00bb0|7|7|20|0|40%|100&#8243; hover_enabled=\u00bb0&#8243; border_width_bottom=\u00bb0.1px\u00bb border_color_bottom=\u00bb#c3c3c3&#8243; border_width_bottom_tablet=\u00bb\u00bb border_width_bottom_phone=\u00bb\u00bb border_width_bottom_last_edited=\u00bbon|desktop\u00bb global_colors_info=\u00bb{}\u00bb sticky_enabled=\u00bb0&#8243;][et_pb_column type=\u00bb1_2&#8243; _builder_version=\u00bb4.16&#8243; _module_preset=\u00bbdefault\u00bb global_colors_info=\u00bb{}\u00bb][et_pb_text _builder_version=\u00bb4.27.3&#8243; _module_preset=\u00bbdefault\u00bb text_font=\u00bbPoppins|300|||||||\u00bb text_font_size=\u00bb13px\u00bb width=\u00bb100%\u00bb custom_padding=\u00bb|0px||||\u00bb text_orientation_tablet=\u00bb\u00bb text_orientation_phone=\u00bb\u00bb text_orientation_last_edited=\u00bbon|phone\u00bb global_colors_info=\u00bb{}\u00bb]<\/p>\n<h2 style=\"text-align: justify;\"><span style=\"font-size: small;\">El modelo de de-risking de LAB+ implica mentor\u00edas personalizadas para las y los fundadores de las start-ups, con un enfoque en el desarrollo de un plan de acci\u00f3n s\u00f3lido que facilite la llegada de sus innovaciones al mercado mediante una planificaci\u00f3n estrat\u00e9gica para llevar sus innovaciones al mercado a trav\u00e9s de la planificaci\u00f3n estrat\u00e9gica. Este proceso incluye an\u00e1lisis de mercado exhaustivos, estudios de viabilidad y proyectos piloto para validar las ideas antes de comprometer recursos significativos.<\/span><\/h2>\n<h2 style=\"text-align: justify;\"><span style=\"font-size: small;\">Adem\u00e1s, ofrecemos soporte operativo integral, que abarca servicios de comunicaci\u00f3n, legales y administrativos, lo que permite a las y los fundadores concentrarse en sus actividades principales y reduce la carga operativa de sus equipos. Como company builder, LAB+ tambi\u00e9n proporciona apoyo financiero y planificaci\u00f3n estrat\u00e9gica, para fortalecer el crecimiento de las start-ups, mitigar los riesgos asociados al flujo de caja y proporcionar un respaldo financiero seguro en etapas tempranas. LAB+ tambi\u00e9n es miembro de amplias redes y asociaciones cient\u00edficas, de innovaci\u00f3n y empresariales, lo que otorga a las start-ups acceso a clientes, proveedores y socios estrat\u00e9gicos, mejorando sus posibilidades de \u00e9xito.<\/span><\/h2>\n<p>[\/et_pb_text][\/et_pb_column][et_pb_column type=\u00bb1_2&#8243; _builder_version=\u00bb4.16&#8243; _module_preset=\u00bbdefault\u00bb global_colors_info=\u00bb{}\u00bb][et_pb_image src=\u00bbhttps:\/\/labplus.uy\/wp-content\/uploads\/2024\/11\/plant-8130367_1280-brote-origianl-copia-1.jpg\u00bb alt=\u00bbnew crop, planta\u00bb title_text=\u00bbplant-8130367_1280 brote origianl &#8211; copia\u00bb _builder_version=\u00bb4.27.4&#8243; _module_preset=\u00bbdefault\u00bb width=\u00bb95%\u00bb custom_padding=\u00bb8px||0px|||\u00bb hover_enabled=\u00bb0&#8243; global_colors_info=\u00bb{}\u00bb width_last_edited=\u00bbon|tablet\u00bb sticky_enabled=\u00bb0&#8243; custom_margin_last_edited=\u00bbon|tablet\u00bb custom_padding_last_edited=\u00bbon|desktop\u00bb custom_padding_tablet=\u00bb|||3px|false|false\u00bb width_tablet=\u00bb95%\u00bb width_phone=\u00bb95%\u00bb custom_padding_phone=\u00bb|||3px|false|false\u00bb][\/et_pb_image][\/et_pb_column][\/et_pb_row][et_pb_row column_structure=\u00bb1_2,1_2&#8243; _builder_version=\u00bb4.27.2&#8243; _module_preset=\u00bbdefault\u00bb max_width=\u00bb80%\u00bb custom_padding=\u00bb3px||31px||false|false\u00bb scroll_vertical_motion_enable=\u00bbon\u00bb scroll_vertical_motion=\u00bb0|8|8|20|1|0|0&#8243; scroll_fade_enable=\u00bbon\u00bb scroll_fade=\u00bb0|7|7|20|0|40%|100&#8243; border_width_bottom=\u00bb0.1px\u00bb border_color_bottom=\u00bb#c3c3c3&#8243; global_colors_info=\u00bb{}\u00bb][et_pb_column type=\u00bb1_2&#8243; _builder_version=\u00bb4.16&#8243; _module_preset=\u00bbdefault\u00bb global_colors_info=\u00bb{}\u00bb][et_pb_text _builder_version=\u00bb4.27.3&#8243; _module_preset=\u00bbdefault\u00bb text_font=\u00bbPoppins|300|||||||\u00bb text_font_size=\u00bb13px\u00bb custom_margin=\u00bb0px||||false|false\u00bb custom_padding=\u00bb15px||||false|false\u00bb global_colors_info=\u00bb{}\u00bb]<\/p>\n<p>LAB+ lleva a cabo un an\u00e1lisis exhaustivo de due diligence, con procesos de validaci\u00f3n y pruebas rigurosas, para minimizar el riesgo de invertir en ideas innovadoras no viables.<\/p>\n<p>Nos centramos en una planificaci\u00f3n inteligente, desarrollando un Producto M\u00ednimo Viable (MVP) y obteniendo retroalimentaci\u00f3n valiosa de los usuarios antes de escalar. Pensamos en grande, pero implementamos en etapas para mejorar la fiabilidad, escalabilidad y seguridad del producto, lo que reduce los riesgos asociados a posibles problemas tecnol\u00f3gicos.<\/p>\n<p>[\/et_pb_text][\/et_pb_column][et_pb_column type=\u00bb1_2&#8243; _builder_version=\u00bb4.16&#8243; _module_preset=\u00bbdefault\u00bb global_colors_info=\u00bb{}\u00bb][et_pb_text _builder_version=\u00bb4.27.4&#8243; _module_preset=\u00bbdefault\u00bb text_font=\u00bbPoppins|300|||||||\u00bb text_font_size=\u00bb13px\u00bb custom_margin=\u00bb27px||0px||false|false\u00bb custom_padding=\u00bb|59px||59px||\u00bb custom_padding_tablet=\u00bb|59px||59px||\u00bb custom_padding_phone=\u00bb|36px||36px|false|false\u00bb custom_padding_last_edited=\u00bbon|phone\u00bb hover_enabled=\u00bb0&#8243; global_colors_info=\u00bb{}\u00bb custom_margin_last_edited=\u00bbon|phone\u00bb sticky_enabled=\u00bb0&#8243; custom_margin_tablet=\u00bb10px||||false|false\u00bb custom_margin_phone=\u00bb10px||||false|false\u00bb]<\/p>\n<div class=\"et_pb_text_inner\">\n<div class=\"et-fb-popover-tinymce\" data-shortcode-id=\"1.1.0.0-1732221269048\" data-quickaccess-editable=\"yes\">\n<div class=\"mce-content-body\" style=\"position: relative;\" contenteditable=\"true\">\n<p style=\"text-align: center;\"><span style=\"font-size: large;\"><strong>Trabajamos con m\u00faltiples start-ups simult\u00e1neamente, lo que proporciona un portafolio diversificado para aumentar las posibilidades de \u00e9xito al invertir.<\/strong><\/span><\/p>\n<\/div>\n<\/div>\n<\/div>\n<p>[\/et_pb_text][\/et_pb_column][\/et_pb_row][et_pb_row column_structure=\u00bb1_2,1_2&#8243; _builder_version=\u00bb4.27.3&#8243; _module_preset=\u00bbdefault\u00bb max_width=\u00bb80%\u00bb custom_padding=\u00bb25px||31px||false|false\u00bb scroll_vertical_motion_enable=\u00bbon\u00bb scroll_vertical_motion=\u00bb0|8|8|20|1|0|0&#8243; scroll_fade_enable=\u00bbon\u00bb scroll_fade=\u00bb0|7|7|20|0|40%|100&#8243; border_width_bottom=\u00bb0.1px\u00bb border_color_bottom=\u00bb#c3c3c3&#8243; global_colors_info=\u00bb{}\u00bb][et_pb_column type=\u00bb1_2&#8243; _builder_version=\u00bb4.16&#8243; _module_preset=\u00bbdefault\u00bb global_colors_info=\u00bb{}\u00bb][et_pb_text _builder_version=\u00bb4.27.4&#8243; _module_preset=\u00bbdefault\u00bb text_font=\u00bbPoppins|300|||||||\u00bb text_font_size=\u00bb13px\u00bb width=\u00bb100%\u00bb custom_margin=\u00bb61px||||false|false\u00bb custom_padding=\u00bb7px|48px||49px|false|false\u00bb custom_padding_tablet=\u00bb0px|48px||49px|false|false\u00bb custom_padding_phone=\u00bb|36px||36px|false|false\u00bb custom_padding_last_edited=\u00bbon|tablet\u00bb hover_enabled=\u00bb0&#8243; global_colors_info=\u00bb{}\u00bb sticky_enabled=\u00bb0&#8243; custom_margin_last_edited=\u00bbon|phone\u00bb custom_margin_tablet=\u00bb14px||||false|false\u00bb custom_margin_phone=\u00bb14px||||false|false\u00bb]<\/p>\n<p style=\"text-align: center;\"><span style=\"font-size: large;\"><strong>Los GPs y el equipo de gesti\u00f3n de LAB+ monitorean y eval\u00faan regularmente el rendimiento operativo de las empresas de la cartera para identificar y abordar posibles debilidades o ineficiencias antes de que se conviertan en problemas mayores.<\/strong><\/span><\/p>\n<p>[\/et_pb_text][\/et_pb_column][et_pb_column type=\u00bb1_2&#8243; _builder_version=\u00bb4.16&#8243; _module_preset=\u00bbdefault\u00bb global_colors_info=\u00bb{}\u00bb][et_pb_text _builder_version=\u00bb4.27.3&#8243; _module_preset=\u00bbdefault\u00bb text_font=\u00bbPoppins|300|||||||\u00bb text_font_size=\u00bb13px\u00bb custom_margin=\u00bb||8px|||\u00bb global_colors_info=\u00bb{}\u00bb]<\/p>\n<p>Nuestras amplias redes con proveedores nacionales e internacionales, as\u00ed como con agencias regulatorias y gubernamentales, proporcionan a las empresas de nuestra cartera valiosas conexiones e informaci\u00f3n para su expansi\u00f3n exitosa y sostenible.<\/p>\n<p>El apoyo operativo de LAB+ mitiga los riesgos asociados a malas gestiones y usos ineficientes del presupuesto de las start-ups. LAB+ ayuda a los fundadores a construir equipos s\u00f3lidos y experimentados, incorporando a las personas adecuadas en el momento adecuado para optimizar el uso de los recursos financieros.<\/p>\n<p>La inserci\u00f3n de LAB+ en la estructura cient\u00edfica del Institut Pasteur de Montevideo permite a las y los fundadores acceder a plataformas tecnol\u00f3gicas avanzadas y tambi\u00e9n complementar sus presupuestos con financiamiento que no requiere ceder capital, proveniente de agencias de investigaci\u00f3n nacionales e internacionales.<\/p>\n<p>[\/et_pb_text][\/et_pb_column][\/et_pb_row][et_pb_row _builder_version=\u00bb4.27.2&#8243; _module_preset=\u00bbdefault\u00bb max_width=\u00bb80%\u00bb custom_padding=\u00bb3px||31px||false|false\u00bb scroll_vertical_motion_enable=\u00bbon\u00bb scroll_vertical_motion=\u00bb0|8|8|20|1|0|0&#8243; scroll_fade_enable=\u00bbon\u00bb scroll_fade=\u00bb0|7|7|20|0|40%|100&#8243; border_width_bottom=\u00bb0.1px\u00bb border_color_bottom=\u00bb#c3c3c3&#8243; global_colors_info=\u00bb{}\u00bb][et_pb_column type=\u00bb4_4&#8243; _builder_version=\u00bb4.16&#8243; _module_preset=\u00bbdefault\u00bb global_colors_info=\u00bb{}\u00bb][et_pb_text _builder_version=\u00bb4.27.3&#8243; _module_preset=\u00bbdefault\u00bb text_font=\u00bbPoppins|300|||||||\u00bb text_font_size=\u00bb13px\u00bb custom_margin=\u00bb|0px|||false|false\u00bb custom_padding=\u00bb21px|||0px|false|false\u00bb global_colors_info=\u00bb{}\u00bb]<\/p>\n<p style=\"text-align: justify;\">En LAB+ proporcionamos asesor\u00eda legal y regulatoria especializada para mitigar los riesgos relacionados con cuestiones legales y estrat\u00e9gicas, para asegurar que los planes estrat\u00e9gicos de las start-ups est\u00e9n alineados con los requisitos regulatorios desde el principio. Esto incluye la comprensi\u00f3n de las regulaciones espec\u00edficas de la industria y la atenci\u00f3n a posibles responsabilidades legales. LAB+ se destaca en la gesti\u00f3n de propiedad intelectual; asiste a las empresas de la cartera con la patente internacional, el registro de marcas y con asesoramiento estrat\u00e9gico sobre la gesti\u00f3n de la PI de acuerdo con sus modelos de negocio.<\/p>\n<p>[\/et_pb_text][\/et_pb_column][\/et_pb_row][\/et_pb_section]<\/p>\n","protected":false},"excerpt":{"rendered":"<p>DE-RISKING La estrategia que usamos para minimizar riesgosEl modelo de de-risking de LAB+ implica mentor\u00edas personalizadas para las y los fundadores de las start-ups, con un enfoque en el desarrollo de un plan de acci\u00f3n s\u00f3lido que facilite la llegada de sus innovaciones al mercado mediante una planificaci\u00f3n estrat\u00e9gica para llevar sus innovaciones al mercado [&hellip;]<\/p>\n","protected":false},"author":4,"featured_media":0,"parent":0,"menu_order":0,"comment_status":"closed","ping_status":"closed","template":"","meta":{"_acf_changed":false,"_et_pb_use_builder":"on","_et_pb_old_content":"","_et_gb_content_width":"","_monsterinsights_skip_tracking":false,"_monsterinsights_sitenote_active":false,"_monsterinsights_sitenote_note":"","_monsterinsights_sitenote_category":0,"footnotes":""},"class_list":["post-24847926","page","type-page","status-publish","hentry"],"acf":[],"_links":{"self":[{"href":"https:\/\/labplus.uy\/es\/wp-json\/wp\/v2\/pages\/24847926","targetHints":{"allow":["GET"]}}],"collection":[{"href":"https:\/\/labplus.uy\/es\/wp-json\/wp\/v2\/pages"}],"about":[{"href":"https:\/\/labplus.uy\/es\/wp-json\/wp\/v2\/types\/page"}],"author":[{"embeddable":true,"href":"https:\/\/labplus.uy\/es\/wp-json\/wp\/v2\/users\/4"}],"replies":[{"embeddable":true,"href":"https:\/\/labplus.uy\/es\/wp-json\/wp\/v2\/comments?post=24847926"}],"version-history":[{"count":5,"href":"https:\/\/labplus.uy\/es\/wp-json\/wp\/v2\/pages\/24847926\/revisions"}],"predecessor-version":[{"id":24848014,"href":"https:\/\/labplus.uy\/es\/wp-json\/wp\/v2\/pages\/24847926\/revisions\/24848014"}],"wp:attachment":[{"href":"https:\/\/labplus.uy\/es\/wp-json\/wp\/v2\/media?parent=24847926"}],"curies":[{"name":"wp","href":"https:\/\/api.w.org\/{rel}","templated":true}]}}