{"id":741,"date":"2021-04-13T19:30:00","date_gmt":"2021-04-13T19:30:00","guid":{"rendered":"https:\/\/www.labplus.com.uy\/quienes-somos\/"},"modified":"2024-06-06T13:15:40","modified_gmt":"2024-06-06T13:15:40","slug":"quienes-somos","status":"publish","type":"page","link":"https:\/\/labplus.uy\/es\/quienes-somos\/","title":{"rendered":"Qui\u00e9nes Somos"},"content":{"rendered":"<p>[et_pb_section fb_built=\u00bb1&#8243; _builder_version=\u00bb4.24.2&#8243; _module_preset=\u00bbdefault\u00bb background_image=\u00bbhttps:\/\/labplus.uy\/wp-content\/uploads\/2024\/03\/Pages-institut-5-1.png\u00bb height=\u00bb400px\u00bb custom_css_main_element=\u00bbjustify-content: center;||flex-direction: column;||display: flex;\u00bb global_colors_info=\u00bb{}\u00bb][et_pb_row _builder_version=\u00bb4.24.2&#8243; _module_preset=\u00bbdefault\u00bb max_width=\u00bb80%\u00bb global_colors_info=\u00bb{}\u00bb][et_pb_column type=\u00bb4_4&#8243; _builder_version=\u00bb4.24.2&#8243; _module_preset=\u00bbdefault\u00bb hover_enabled=\u00bb0&#8243; global_colors_info=\u00bb{}\u00bb sticky_enabled=\u00bb0&#8243;][et_pb_text _builder_version=\u00bb4.25.1&#8243; _module_preset=\u00bbdefault\u00bb header_font=\u00bb|700|||||||\u00bb header_text_color=\u00bb#FFFFFF\u00bb header_font_size=\u00bb5em\u00bb hover_enabled=\u00bb0&#8243; header_font_size_tablet=\u00bb4em\u00bb header_font_size_phone=\u00bb3em\u00bb header_font_size_last_edited=\u00bbon|phone\u00bb global_colors_info=\u00bb{}\u00bb sticky_enabled=\u00bb0&#8243;]<\/p>\n<h1>QUI\u00c9NES SOMOS<\/h1>\n<p>[\/et_pb_text][\/et_pb_column][\/et_pb_row][\/et_pb_section][et_pb_section fb_built=\u00bb1&#8243; _builder_version=\u00bb4.16&#8243; _module_preset=\u00bbdefault\u00bb custom_padding=\u00bb35px|||||\u00bb global_colors_info=\u00bb{}\u00bb][et_pb_row column_structure=\u00bb1_3,1_3,1_3&#8243; _builder_version=\u00bb4.24.2&#8243; _module_preset=\u00bbdefault\u00bb max_width=\u00bb80%\u00bb custom_padding=\u00bb3px||31px|||\u00bb scroll_vertical_motion_enable=\u00bbon\u00bb scroll_vertical_motion=\u00bb0|8|8|20|1|0|0&#8243; scroll_fade_enable=\u00bbon\u00bb scroll_fade=\u00bb0|7|7|20|0|40%|100&#8243; border_width_bottom=\u00bb0.1px\u00bb border_color_bottom=\u00bb#c3c3c3&#8243; border_width_bottom_tablet=\u00bb\u00bb border_width_bottom_phone=\u00bb\u00bb border_width_bottom_last_edited=\u00bbon|desktop\u00bb global_colors_info=\u00bb{}\u00bb][et_pb_column type=\u00bb1_3&#8243; _builder_version=\u00bb4.16&#8243; _module_preset=\u00bbdefault\u00bb global_colors_info=\u00bb{}\u00bb][et_pb_text _builder_version=\u00bb4.16&#8243; _module_preset=\u00bbdefault\u00bb text_font=\u00bbPoppins|300|||||||\u00bb text_font_size=\u00bb13px\u00bb global_colors_info=\u00bb{}\u00bb]<\/p>\n<p>LAB+ es el resultado del esfuerzo conjunto del Institut Pasteur de Montevideo, un centro de investigaci\u00f3n de clase mundial ubicado en Montevideo (Uruguay), y el fondo de capital de riesgo FICUS Advisory, con la visi\u00f3n de que un Company Builder basado en ciencias de la vida ubicado en Uruguay impulsar\u00e1 los l\u00edmites de la ciencia y la tecnolog\u00eda para traer cambios transformadores significativos en nuestra sociedad.<\/p>\n<p>[\/et_pb_text][\/et_pb_column][et_pb_column type=\u00bb1_3&#8243; _builder_version=\u00bb4.16&#8243; _module_preset=\u00bbdefault\u00bb global_colors_info=\u00bb{}\u00bb][et_pb_text _builder_version=\u00bb4.16&#8243; _module_preset=\u00bbdefault\u00bb text_font=\u00bbPoppins|300|||||||\u00bb text_font_size=\u00bb13px\u00bb global_colors_info=\u00bb{}\u00bb]<\/p>\n<p>Bajo el concepto \u201cUna Salud\u201d, nuestro objetivo es apoyar a los emprendedores de las ciencias de la vida que tengan ideas disruptivas y amplias ambiciones cient\u00edficas para crear empresas internacionales sostenibles y exitosas.<\/p>\n<p>Nuestro proceso es colaborativo e iterativo y est\u00e1 impulsado por un objetivo com\u00fan: impactar positivamente y empoderar a los emprendedores para que pongan la ciencia al servicio de la sociedad, para desarrollar una econom\u00eda basada en el conocimiento.<\/p>\n<p>[\/et_pb_text][\/et_pb_column][et_pb_column type=\u00bb1_3&#8243; _builder_version=\u00bb4.16&#8243; _module_preset=\u00bbdefault\u00bb global_colors_info=\u00bb{}\u00bb][et_pb_text _builder_version=\u00bb4.16&#8243; _module_preset=\u00bbdefault\u00bb text_font=\u00bbPoppins|300|||||||\u00bb text_font_size=\u00bb13px\u00bb global_colors_info=\u00bb{}\u00bb]<\/p>\n<p>El enfoque y la disciplina est\u00e1n integrados en nuestra cultura. Nos centramos en construir las mejores empresas que responder\u00e1n a las necesidades cambiantes de nuestra sociedad, contribuyendo al mejoramiento social a trav\u00e9s de importantes avances en las ciencias de la vida. Nuestra disciplina y estrategia de inversi\u00f3n, con visi\u00f3n de largo plazo y diversificaci\u00f3n del riesgo, nos permitir\u00e1n alcanzar rentabilidades atractivas para nuestros inversores.<\/p>\n<p>[\/et_pb_text][\/et_pb_column][\/et_pb_row][et_pb_row _builder_version=\u00bb4.24.2&#8243; _module_preset=\u00bbdefault\u00bb max_width=\u00bb80%\u00bb custom_margin=\u00bb-10px|auto||auto|false|false\u00bb custom_padding=\u00bb2px||5px|||\u00bb scroll_vertical_motion_enable=\u00bbon\u00bb scroll_vertical_motion=\u00bb0|8|8|20|1|0|0&#8243; scroll_fade_enable=\u00bbon\u00bb scroll_fade=\u00bb0|7|7|20|0|40%|100&#8243; global_colors_info=\u00bb{}\u00bb][et_pb_column type=\u00bb4_4&#8243; _builder_version=\u00bb4.16&#8243; _module_preset=\u00bbdefault\u00bb global_colors_info=\u00bb{}\u00bb][et_pb_text module_id=\u00bbinvestmentphilosophy\u00bb _builder_version=\u00bb4.16&#8243; _module_preset=\u00bbdefault\u00bb header_font=\u00bbPoppins|700|||||||\u00bb header_text_color=\u00bb#005481&#8243; header_font_size=\u00bb20px\u00bb custom_margin=\u00bb39px|||||\u00bb global_colors_info=\u00bb{}\u00bb]<\/p>\n<h1>Filosof\u00eda de Inversi\u00f3n<\/h1>\n<p>[\/et_pb_text][\/et_pb_column][\/et_pb_row][et_pb_row column_structure=\u00bb1_3,1_3,1_3&#8243; _builder_version=\u00bb4.24.2&#8243; _module_preset=\u00bbdefault\u00bb max_width=\u00bb80%\u00bb custom_padding=\u00bb3px||31px||false|false\u00bb scroll_vertical_motion_enable=\u00bbon\u00bb scroll_vertical_motion=\u00bb0|8|8|20|1|0|0&#8243; scroll_fade_enable=\u00bbon\u00bb scroll_fade=\u00bb0|7|7|20|0|40%|100&#8243; border_width_bottom=\u00bb0.1px\u00bb border_color_bottom=\u00bb#c3c3c3&#8243; global_colors_info=\u00bb{}\u00bb][et_pb_column type=\u00bb1_3&#8243; _builder_version=\u00bb4.16&#8243; _module_preset=\u00bbdefault\u00bb global_colors_info=\u00bb{}\u00bb][et_pb_text _builder_version=\u00bb4.24.3&#8243; _module_preset=\u00bbdefault\u00bb text_font=\u00bbPoppins|300|||||||\u00bb text_font_size=\u00bb13px\u00bb global_colors_info=\u00bb{}\u00bb]<\/p>\n<p>Nos enfocamos en proyectos revolucionarios en medicina, biolog\u00eda y tecnolog\u00eda orientados a mejorar el bienestar de seres humanos, animales y el medio ambiente. Alentamos a los mejores cient\u00edficos a desafiar continuamente el pensamiento convencional y llevar sus ideas disruptivas a su m\u00e1ximo potencial, acompa\u00f1ando su desarrollo y apoy\u00e1ndolos con los mejores servicios financieros, administrativos y de acompa\u00f1amiento t\u00e9cnico.<\/p>\n<p>[\/et_pb_text][\/et_pb_column][et_pb_column type=\u00bb1_3&#8243; _builder_version=\u00bb4.16&#8243; _module_preset=\u00bbdefault\u00bb global_colors_info=\u00bb{}\u00bb][et_pb_text _builder_version=\u00bb4.16&#8243; _module_preset=\u00bbdefault\u00bb text_font=\u00bbPoppins|300|||||||\u00bb text_font_size=\u00bb13px\u00bb global_colors_info=\u00bb{}\u00bb]<\/p>\n<p>Adem\u00e1s de financiaci\u00f3n, tambi\u00e9n proporcionamos un ecosistema cient\u00edfico de primer nivel y profunda experiencia empresarial internacional, con experticia en la creaci\u00f3n, operaci\u00f3n, financiaci\u00f3n y crecimiento de empresas de clase mundial.\u00a0<\/p>\n<p>[\/et_pb_text][\/et_pb_column][et_pb_column type=\u00bb1_3&#8243; _builder_version=\u00bb4.16&#8243; _module_preset=\u00bbdefault\u00bb global_colors_info=\u00bb{}\u00bb][et_pb_image src=\u00bbhttps:\/\/labplus.com.uy\/wp-content\/uploads\/2021\/03\/thisisengineering-raeng-qI7USKbZY_A-unsplash-optimizada-1.png\u00bb title_text=\u00bbthisisengineering-raeng-qI7USKbZY_A-unsplash-optimizada\u00bb _builder_version=\u00bb4.16&#8243; _module_preset=\u00bbdefault\u00bb global_colors_info=\u00bb{}\u00bb][\/et_pb_image][\/et_pb_column][\/et_pb_row][et_pb_row _builder_version=\u00bb4.24.2&#8243; _module_preset=\u00bbdefault\u00bb max_width=\u00bb80%\u00bb custom_margin=\u00bb-10px|auto|18px|auto|false|false\u00bb custom_padding=\u00bb2px||5px|||\u00bb scroll_vertical_motion_enable=\u00bbon\u00bb scroll_vertical_motion=\u00bb0|8|8|20|1|0|0&#8243; scroll_fade_enable=\u00bbon\u00bb scroll_fade=\u00bb0|7|7|20|0|40%|100&#8243; global_colors_info=\u00bb{}\u00bb][et_pb_column type=\u00bb4_4&#8243; _builder_version=\u00bb4.16&#8243; _module_preset=\u00bbdefault\u00bb global_colors_info=\u00bb{}\u00bb][et_pb_text module_id=\u00bbourdistinctapproach\u00bb _builder_version=\u00bb4.16&#8243; _module_preset=\u00bbdefault\u00bb header_font=\u00bbPoppins|700|||||||\u00bb header_text_color=\u00bb#005481&#8243; header_font_size=\u00bb20px\u00bb custom_margin=\u00bb39px|||||\u00bb global_colors_info=\u00bb{}\u00bb]<\/p>\n<h1>Nuestro enfoque distintivo<\/h1>\n<p>[\/et_pb_text][\/et_pb_column][\/et_pb_row][et_pb_row column_structure=\u00bb1_3,1_3,1_3&#8243; _builder_version=\u00bb4.24.2&#8243; _module_preset=\u00bbdefault\u00bb max_width=\u00bb80%\u00bb custom_padding=\u00bb3px||41px|||\u00bb scroll_vertical_motion_enable=\u00bbon\u00bb scroll_vertical_motion=\u00bb0|8|8|20|1|0|0&#8243; scroll_fade_enable=\u00bbon\u00bb scroll_fade=\u00bb0|7|7|20|0|40%|100&#8243; border_width_bottom=\u00bb0.1px\u00bb border_color_bottom=\u00bb#c3c3c3&#8243; global_colors_info=\u00bb{}\u00bb][et_pb_column type=\u00bb1_3&#8243; _builder_version=\u00bb4.16&#8243; _module_preset=\u00bbdefault\u00bb global_colors_info=\u00bb{}\u00bb][et_pb_text _builder_version=\u00bb4.16&#8243; _module_preset=\u00bbdefault\u00bb text_font=\u00bbPoppins|300|||||||\u00bb text_font_size=\u00bb13px\u00bb global_colors_info=\u00bb{}\u00bb]<\/p>\n<p class=\"p1\"><b>1. Dinero inteligente<\/b><\/p>\n<p class=\"p1\">Ecosistema cient\u00edfico y una red de clase mundial conectados a nivel global, centrados en el Institut Pasteur.<\/p>\n<p>[\/et_pb_text][et_pb_text _builder_version=\u00bb4.16&#8243; _module_preset=\u00bbdefault\u00bb text_font=\u00bbPoppins|300|||||||\u00bb text_font_size=\u00bb13px\u00bb global_colors_info=\u00bb{}\u00bb]<\/p>\n<p class=\"p1\"><b>2. Credibilidad <\/b><\/p>\n<p class=\"p1\">Capacidad para construir una reputaci\u00f3n instant\u00e1nea, con el respaldo de una reconocida instituci\u00f3n internacional en ciencias de la vida.<\/p>\n<p>[\/et_pb_text][et_pb_text _builder_version=\u00bb4.24.3&#8243; _module_preset=\u00bbdefault\u00bb text_font=\u00bbPoppins|300|||||||\u00bb text_font_size=\u00bb13px\u00bb custom_padding=\u00bb||0px|||\u00bb global_colors_info=\u00bb{}\u00bb]<\/p>\n<p class=\"p1\"><b>3. Fondos \u00c1giles<\/b><\/p>\n<p class=\"p1\">La incubadora \/ aceleradora LAB+ (y su sistema de apoyo auxiliar) facilita la r\u00e1pida aplicaci\u00f3n de la ciencia de laboratorio, pasando de la ciencia precl\u00ednica a la empresa, apalancado en los recursos del Institut Pasteur y en asociaci\u00f3n con otras empresas\/emprendimientos.<\/p>\n<p>[\/et_pb_text][\/et_pb_column][et_pb_column type=\u00bb1_3&#8243; _builder_version=\u00bb4.16&#8243; _module_preset=\u00bbdefault\u00bb global_colors_info=\u00bb{}\u00bb][et_pb_image src=\u00bbhttps:\/\/labplus.com.uy\/wp-content\/uploads\/2021\/03\/esquema-circular.png\u00bb title_text=\u00bbesquema-circular\u00bb _builder_version=\u00bb4.16&#8243; _module_preset=\u00bbdefault\u00bb width=\u00bb100%\u00bb width_tablet=\u00bb35%\u00bb width_phone=\u00bb66%\u00bb width_last_edited=\u00bbon|phone\u00bb global_colors_info=\u00bb{}\u00bb][\/et_pb_image][\/et_pb_column][et_pb_column type=\u00bb1_3&#8243; _builder_version=\u00bb4.16&#8243; _module_preset=\u00bbdefault\u00bb global_colors_info=\u00bb{}\u00bb][et_pb_text _builder_version=\u00bb4.24.3&#8243; _module_preset=\u00bbdefault\u00bb text_font=\u00bbPoppins|300|||||||\u00bb text_font_size=\u00bb13px\u00bb global_colors_info=\u00bb{}\u00bb]<\/p>\n<p class=\"p1\"><b>4. Conexiones que importan<\/b><\/p>\n<p class=\"p1\">LAB+ tiene acceso exclusivo a una de las redes de ciencias biol\u00f3gicas m\u00e1s valiosas del mundo.<\/p>\n<p>[\/et_pb_text][et_pb_text _builder_version=\u00bb4.24.3&#8243; _module_preset=\u00bbdefault\u00bb text_font=\u00bbPoppins|300|||||||\u00bb text_font_size=\u00bb13px\u00bb global_colors_info=\u00bb{}\u00bb]<\/p>\n<p class=\"p1\"><b>5. Science to Business<\/b><\/p>\n<p class=\"p1\">En trabajo en conjunto con los investigadores y el Institut Pasteur de Montevideo, LAB+ proporcionar\u00e1 las herramientas necesarias para transformar los descubrimientos cient\u00edficos en modelos de negocio exitosos, acompa\u00f1ando la creaci\u00f3n de empresas con soluciones efectivas, visi\u00f3n internacional y su posterior evoluci\u00f3n.<\/p>\n<p>[\/et_pb_text][\/et_pb_column][\/et_pb_row][et_pb_row _builder_version=\u00bb4.24.2&#8243; _module_preset=\u00bbdefault\u00bb max_width=\u00bb80%\u00bb custom_margin=\u00bb-10px|auto||auto|false|false\u00bb custom_padding=\u00bb2px||5px|||\u00bb scroll_vertical_motion_enable=\u00bbon\u00bb scroll_vertical_motion=\u00bb0|8|8|20|1|0|0&#8243; scroll_fade_enable=\u00bbon\u00bb scroll_fade=\u00bb0|7|7|20|0|40%|100&#8243; global_colors_info=\u00bb{}\u00bb][et_pb_column type=\u00bb4_4&#8243; _builder_version=\u00bb4.16&#8243; _module_preset=\u00bbdefault\u00bb global_colors_info=\u00bb{}\u00bb][et_pb_text module_id=\u00bbprocess\u00bb _builder_version=\u00bb4.16&#8243; _module_preset=\u00bbdefault\u00bb header_font=\u00bbPoppins|700|||||||\u00bb header_text_color=\u00bb#005481&#8243; header_font_size=\u00bb20px\u00bb custom_margin=\u00bb39px|||||\u00bb global_colors_info=\u00bb{}\u00bb]<\/p>\n<h1>Proceso<\/h1>\n<p>[\/et_pb_text][\/et_pb_column][\/et_pb_row][et_pb_row _builder_version=\u00bb4.24.2&#8243; _module_preset=\u00bbdefault\u00bb max_width=\u00bb80%\u00bb custom_padding=\u00bb3px||13px|||\u00bb scroll_vertical_motion_enable=\u00bbon\u00bb scroll_vertical_motion=\u00bb0|8|8|20|1|0|0&#8243; scroll_fade_enable=\u00bbon\u00bb scroll_fade=\u00bb0|7|7|20|0|40%|100&#8243; border_color_bottom=\u00bbRGBA(0,0,0,0)\u00bb global_colors_info=\u00bb{}\u00bb][et_pb_column type=\u00bb4_4&#8243; _builder_version=\u00bb4.16&#8243; _module_preset=\u00bbdefault\u00bb global_colors_info=\u00bb{}\u00bb][et_pb_text _builder_version=\u00bb4.24.3&#8243; _module_preset=\u00bbdefault\u00bb text_font=\u00bbPoppins|300|||||||\u00bb text_font_size=\u00bb13px\u00bb global_colors_info=\u00bb{}\u00bb]<\/p>\n<p>Los proyectos se seleccionar\u00e1n a partir de llamados nacionales e internacionales para guiar a los cient\u00edficos m\u00e1s motivados a trav\u00e9s de un modelo de progreso y eliminaci\u00f3n de riesgos, regulado por etapas, evolutivo y en red.<\/p>\n<p>[\/et_pb_text][\/et_pb_column][\/et_pb_row][et_pb_row _builder_version=\u00bb4.24.2&#8243; _module_preset=\u00bbdefault\u00bb max_width=\u00bb80%\u00bb custom_padding=\u00bb3px||41px|||\u00bb scroll_vertical_motion_enable=\u00bbon\u00bb scroll_vertical_motion=\u00bb0|8|8|20|1|0|0&#8243; scroll_fade_enable=\u00bbon\u00bb scroll_fade=\u00bb0|7|7|20|0|40%|100&#8243; border_color_all=\u00bbRGBA(0,0,0,0)\u00bb border_color_bottom=\u00bb#c3c3c3&#8243; global_colors_info=\u00bb{}\u00bb][et_pb_column type=\u00bb4_4&#8243; _builder_version=\u00bb4.16&#8243; _module_preset=\u00bbdefault\u00bb global_colors_info=\u00bb{}\u00bb][et_pb_image src=\u00bbhttps:\/\/labplus.com.uy\/wp-content\/uploads\/2021\/04\/img_Process2.png\u00bb title_text=\u00bbimg_Process2&#8243; _builder_version=\u00bb4.16&#8243; _module_preset=\u00bbdefault\u00bb global_colors_info=\u00bb{}\u00bb][\/et_pb_image][et_pb_text _builder_version=\u00bb4.24.2&#8243; _module_preset=\u00bbdefault\u00bb text_font=\u00bbPoppins|300|||||||\u00bb text_font_size=\u00bb1em\u00bb global_colors_info=\u00bb{}\u00bb]<\/p>\n<p>Source: Adapted from Flagship Pioneering and from Loonshots, Safi Bahcall<\/p>\n<p>[\/et_pb_text][\/et_pb_column][\/et_pb_row][\/et_pb_section]<\/p>\n","protected":false},"excerpt":{"rendered":"<p>QUI\u00c9NES SOMOSLAB+ es el resultado del esfuerzo conjunto del Institut Pasteur de Montevideo, un centro de investigaci\u00f3n de clase mundial ubicado en Montevideo (Uruguay), y el fondo de capital de riesgo FICUS Advisory, con la visi\u00f3n de que un Company Builder basado en ciencias de la vida ubicado en Uruguay impulsar\u00e1 los l\u00edmites de la [&hellip;]<\/p>\n","protected":false},"author":1,"featured_media":0,"parent":0,"menu_order":0,"comment_status":"closed","ping_status":"closed","template":"","meta":{"_acf_changed":false,"_et_pb_use_builder":"on","_et_pb_old_content":"","_et_gb_content_width":"","_monsterinsights_skip_tracking":false,"_monsterinsights_sitenote_active":false,"_monsterinsights_sitenote_note":"","_monsterinsights_sitenote_category":0,"footnotes":""},"class_list":["post-741","page","type-page","status-publish","hentry"],"acf":[],"_links":{"self":[{"href":"https:\/\/labplus.uy\/es\/wp-json\/wp\/v2\/pages\/741","targetHints":{"allow":["GET"]}}],"collection":[{"href":"https:\/\/labplus.uy\/es\/wp-json\/wp\/v2\/pages"}],"about":[{"href":"https:\/\/labplus.uy\/es\/wp-json\/wp\/v2\/types\/page"}],"author":[{"embeddable":true,"href":"https:\/\/labplus.uy\/es\/wp-json\/wp\/v2\/users\/1"}],"replies":[{"embeddable":true,"href":"https:\/\/labplus.uy\/es\/wp-json\/wp\/v2\/comments?post=741"}],"version-history":[{"count":5,"href":"https:\/\/labplus.uy\/es\/wp-json\/wp\/v2\/pages\/741\/revisions"}],"predecessor-version":[{"id":24847252,"href":"https:\/\/labplus.uy\/es\/wp-json\/wp\/v2\/pages\/741\/revisions\/24847252"}],"wp:attachment":[{"href":"https:\/\/labplus.uy\/es\/wp-json\/wp\/v2\/media?parent=741"}],"curies":[{"name":"wp","href":"https:\/\/api.w.org\/{rel}","templated":true}]}}