{"id":771,"date":"2024-03-11T21:30:32","date_gmt":"2024-03-11T21:30:32","guid":{"rendered":"https:\/\/www.labplus.com.uy\/equipo\/"},"modified":"2025-04-11T19:16:08","modified_gmt":"2025-04-11T19:16:08","slug":"equipo","status":"publish","type":"page","link":"https:\/\/labplus.uy\/es\/equipo\/","title":{"rendered":"Equipo"},"content":{"rendered":"<p>[et_pb_section fb_built=\u00bb1&#8243; _builder_version=\u00bb4.24.2&#8243; _module_preset=\u00bbdefault\u00bb background_image=\u00bbhttps:\/\/labplus.uy\/wp-content\/uploads\/2024\/03\/Pages-institut-6-1.png\u00bb height=\u00bb400px\u00bb custom_css_main_element=\u00bbjustify-content: center;||flex-direction: column;||display: flex;\u00bb global_colors_info=\u00bb{}\u00bb][et_pb_row _builder_version=\u00bb4.24.2&#8243; _module_preset=\u00bbdefault\u00bb max_width=\u00bb80%\u00bb global_colors_info=\u00bb{}\u00bb][et_pb_column type=\u00bb4_4&#8243; _builder_version=\u00bb4.24.2&#8243; _module_preset=\u00bbdefault\u00bb global_colors_info=\u00bb{}\u00bb][et_pb_text _builder_version=\u00bb4.24.2&#8243; _module_preset=\u00bbdefault\u00bb header_font=\u00bb|700|||||||\u00bb header_text_color=\u00bb#FFFFFF\u00bb header_font_size=\u00bb5em\u00bb header_font_size_tablet=\u00bb4em\u00bb header_font_size_phone=\u00bb3em\u00bb header_font_size_last_edited=\u00bbon|phone\u00bb global_colors_info=\u00bb{}\u00bb]<\/p>\n<h1>NUESTRO EQUIPO<\/h1>\n<p>[\/et_pb_text][\/et_pb_column][\/et_pb_row][\/et_pb_section][et_pb_section fb_built=\u00bb1&#8243; _builder_version=\u00bb4.16&#8243; _module_preset=\u00bbdefault\u00bb custom_padding=\u00bb21px|||||\u00bb global_colors_info=\u00bb{}\u00bb][et_pb_row _builder_version=\u00bb4.24.2&#8243; _module_preset=\u00bbdefault\u00bb scroll_vertical_motion_enable=\u00bbon\u00bb scroll_vertical_motion=\u00bb0|10|10|21|1|0|0&#8243; scroll_fade_enable=\u00bbon\u00bb scroll_fade=\u00bb0|8|8|21|0|40%|100&#8243; global_colors_info=\u00bb{}\u00bb][et_pb_column type=\u00bb4_4&#8243; _builder_version=\u00bb4.16&#8243; _module_preset=\u00bbdefault\u00bb global_colors_info=\u00bb{}\u00bb][et_pb_text _builder_version=\u00bb4.16&#8243; _module_preset=\u00bbdefault\u00bb text_font=\u00bbPoppins|300|||||||\u00bb global_colors_info=\u00bb{}\u00bb]<\/p>\n<p>Tenemos una s\u00f3lida cultura de trabajo en equipo y capitalizamos la variedad de experiencias profesionales y de vida de todos nuestros miembros, en un proceso de continuo aprendizaje interno.<\/p>\n<p>[\/et_pb_text][\/et_pb_column][\/et_pb_row][et_pb_row _builder_version=\u00bb4.24.2&#8243; _module_preset=\u00bbdefault\u00bb custom_padding=\u00bb36px||0px|||\u00bb scroll_vertical_motion_enable=\u00bbon\u00bb scroll_vertical_motion=\u00bb0|12|12|24|1|0|0&#8243; scroll_fade_enable=\u00bbon\u00bb scroll_fade=\u00bb0|11|11|21|0|40%|100&#8243; global_colors_info=\u00bb{}\u00bb][et_pb_column type=\u00bb4_4&#8243; _builder_version=\u00bb4.16&#8243; _module_preset=\u00bbdefault\u00bb global_colors_info=\u00bb{}\u00bb][et_pb_text _builder_version=\u00bb4.16&#8243; _module_preset=\u00bbdefault\u00bb text_font=\u00bbPoppins||||||||\u00bb global_colors_info=\u00bb{}\u00bb]<\/p>\n<h3>Carlos Batthy\u00e1ny<\/h3>\n<p>[\/et_pb_text][\/et_pb_column][\/et_pb_row][et_pb_row column_structure=\u00bb1_3,2_3&#8243; _builder_version=\u00bb4.24.2&#8243; _module_preset=\u00bbdefault\u00bb custom_padding=\u00bb11px|||||\u00bb scroll_vertical_motion_enable=\u00bbon\u00bb scroll_vertical_motion=\u00bb0|10|10|25|1|0|0&#8243; scroll_fade_enable=\u00bbon\u00bb scroll_fade=\u00bb0|9|9|21|0|40%|100&#8243; global_colors_info=\u00bb{}\u00bb][et_pb_column type=\u00bb1_3&#8243; _builder_version=\u00bb4.16&#8243; _module_preset=\u00bbdefault\u00bb global_colors_info=\u00bb{}\u00bb][et_pb_image src=\u00bbhttps:\/\/labplus.uy\/wp-content\/uploads\/2023\/07\/Batthyany-Carlos-byn-scaled.jpg\u00bb title_text=\u00bbBatthyany, Carlos byn\u00bb _builder_version=\u00bb4.20.2&#8243; _module_preset=\u00bbdefault\u00bb global_colors_info=\u00bb{}\u00bb][\/et_pb_image][\/et_pb_column][et_pb_column type=\u00bb2_3&#8243; _builder_version=\u00bb4.16&#8243; _module_preset=\u00bbdefault\u00bb global_colors_info=\u00bb{}\u00bb][et_pb_text _builder_version=\u00bb4.16&#8243; _module_preset=\u00bbdefault\u00bb text_font=\u00bbPoppins|300|||||||\u00bb text_font_size=\u00bb13px\u00bb global_colors_info=\u00bb{}\u00bb]<\/p>\n<p>Carlos es, ante todo, padre de dos amorosas hijas y orgulloso esposo de Mar\u00eda, doctora en medicina.<\/p>\n<p>La vida de Carlos se ha centrado durante m\u00e1s de 25 a\u00f1os en torno a la ciencia y la medicina. Sus ra\u00edces europeas, combinadas con su experiencia acad\u00e9mica y profesional latinoamericana y estadounidense en las ciencias m\u00e9dicas y de la vida, lo han catapultado al puesto de director ejecutivo del mundialmente famoso Institut Pasteur con sede en Montevideo.<\/p>\n<p>Carlos tiene una capacidad extraordinaria para capturar r\u00e1pidamente principios cient\u00edficos biol\u00f3gicos profundos y evaluar caminos a seguir. Es un aclamado co-inventor de cinco patentes internacionales y ha sido una de las fuerzas impulsoras de EOLO Pharma, una empresa global de desarrollo de f\u00e1rmacos muy prometedora.<\/p>\n<p>Carlos tiene t\u00edtulos de posdoctorado, doctorado y maestr\u00eda de prestigiosas instituciones acad\u00e9micas de Uruguay y Estados Unidos en \u00e1reas como Medicina, Bioqu\u00edmica, Farmacolog\u00eda y Biolog\u00eda Qu\u00edmica y ha publicado trabajos de investigaci\u00f3n cient\u00edfica en m\u00e1s de 40 revistas indexadas. Es un constructor de equipos natural y tiene habilidades de comunicaci\u00f3n excepcionales, siendo capaz de traducir principios cient\u00edficos complejos en soluciones comprensibles.<\/p>\n<p>[\/et_pb_text][\/et_pb_column][\/et_pb_row][et_pb_row _builder_version=\u00bb4.24.2&#8243; _module_preset=\u00bbdefault\u00bb custom_padding=\u00bb36px||0px|||\u00bb scroll_vertical_motion_enable=\u00bbon\u00bb scroll_vertical_motion=\u00bb0|10|10|25|1|0|0&#8243; scroll_fade_enable=\u00bbon\u00bb scroll_fade=\u00bb0|9|9|21|0|40%|100&#8243; global_colors_info=\u00bb{}\u00bb][et_pb_column type=\u00bb4_4&#8243; _builder_version=\u00bb4.16&#8243; _module_preset=\u00bbdefault\u00bb global_colors_info=\u00bb{}\u00bb][et_pb_text _builder_version=\u00bb4.16&#8243; _module_preset=\u00bbdefault\u00bb text_font=\u00bbPoppins||||||||\u00bb global_colors_info=\u00bb{}\u00bb]<\/p>\n<h3>Paul Elberse<\/h3>\n<p>[\/et_pb_text][\/et_pb_column][\/et_pb_row][et_pb_row column_structure=\u00bb2_3,1_3&#8243; _builder_version=\u00bb4.24.2&#8243; _module_preset=\u00bbdefault\u00bb scroll_vertical_motion_enable=\u00bbon\u00bb scroll_vertical_motion=\u00bb0|10|10|25|1|0|0&#8243; scroll_fade_enable=\u00bbon\u00bb scroll_fade=\u00bb0|9|9|21|0|40%|100&#8243; global_colors_info=\u00bb{}\u00bb][et_pb_column type=\u00bb2_3&#8243; _builder_version=\u00bb4.16&#8243; _module_preset=\u00bbdefault\u00bb global_colors_info=\u00bb{}\u00bb][et_pb_text _builder_version=\u00bb4.16&#8243; _module_preset=\u00bbdefault\u00bb text_font=\u00bbPoppins|300|||||||\u00bb text_font_size=\u00bb13px\u00bb global_colors_info=\u00bb{}\u00bb]<\/p>\n<p>Padre de cuatro hijos y felizmente casado con su \u00abconciencia social\u00bb y amor de su vida, Susette.<\/p>\n<p>Ha trabajado de la mano con instituciones multilaterales como el Banco Mundial, IFC, BID e inversionistas institucionales. Cuenta con una visi\u00f3n multicultural por haber tenido la oportunidad de vivir y trabajar en lugares como \u00c1msterdam, Hamburgo, Par\u00eds, Singapur, Mosc\u00fa, Montevideo y Nueva York. Es un apasionado de los cambios que nos ayudan a mejorar nuestras vidas y las de otros. Fiel a su ADN negociador, ha actuado como inversor y director en empresas en la primera l\u00ednea de nuevos desarrollos y se centra en \u00e1reas como secuenciaci\u00f3n de genes y terapias, nuevos m\u00e9todos de diagn\u00f3stico, biotecnolog\u00eda, energ\u00edas renovables, IA y rob\u00f3tica.<\/p>\n<p>Ha sido part\u00edcipe y gestor del papel que la Fundaci\u00f3n Visionair ha desempe\u00f1ado para abordar problemas sociales y de atenci\u00f3n m\u00e9dica generalizados .<\/p>\n<p>[\/et_pb_text][\/et_pb_column][et_pb_column type=\u00bb1_3&#8243; _builder_version=\u00bb4.16&#8243; _module_preset=\u00bbdefault\u00bb global_colors_info=\u00bb{}\u00bb][et_pb_image src=\u00bbhttps:\/\/labplus.uy\/wp-content\/uploads\/2023\/07\/Elberse-Paul-byn-scaled.jpg\u00bb title_text=\u00bbElberse, Paul byn\u00bb _builder_version=\u00bb4.20.2&#8243; _module_preset=\u00bbdefault\u00bb global_colors_info=\u00bb{}\u00bb][\/et_pb_image][\/et_pb_column][\/et_pb_row][et_pb_row column_structure=\u00bb1_3,1_3,1_3&#8243; _builder_version=\u00bb4.24.2&#8243; _module_preset=\u00bbdefault\u00bb scroll_vertical_motion_enable=\u00bbon\u00bb scroll_vertical_motion=\u00bb0|10|10|25|1|0|0&#8243; scroll_fade_enable=\u00bbon\u00bb scroll_fade=\u00bb0|9|9|21|0|40%|100&#8243; global_colors_info=\u00bb{}\u00bb][et_pb_column type=\u00bb1_3&#8243; _builder_version=\u00bb4.16&#8243; _module_preset=\u00bbdefault\u00bb global_colors_info=\u00bb{}\u00bb][et_pb_team_member name=\u00bbCra. Alicia Bentancor\u00bb position=\u00bbDirectora de Administraci\u00f3n y Finanzas \u00bb image_url=\u00bbhttps:\/\/labplus.uy\/wp-content\/uploads\/2023\/07\/Bentancor-Alicia-byn-scaled.jpg\u00bb _builder_version=\u00bb4.20.2&#8243; _module_preset=\u00bbdefault\u00bb header_font=\u00bbPoppins||||||||\u00bb body_font=\u00bbPoppins|300|||||||\u00bb width=\u00bb81%\u00bb global_colors_info=\u00bb{}\u00bb]<\/p>\n<p>IP Montevideo<\/p>\n<p>[\/et_pb_team_member][\/et_pb_column][et_pb_column type=\u00bb1_3&#8243; _builder_version=\u00bb4.16&#8243; _module_preset=\u00bbdefault\u00bb global_colors_info=\u00bb{}\u00bb][et_pb_team_member name=\u00bbDra. Vanesa Piattoni\u00bb position=\u00bbAsesora de Tecnolog\u00eda e Innovaci\u00f3n \u00bb image_url=\u00bbhttps:\/\/labplus.uy\/wp-content\/uploads\/2023\/07\/Piattoni-Vanesa-byn-scaled.jpg\u00bb _builder_version=\u00bb4.20.2&#8243; _module_preset=\u00bbdefault\u00bb header_font=\u00bbPoppins||||||||\u00bb body_font=\u00bbPoppins|300|||||||\u00bb width=\u00bb81%\u00bb global_colors_info=\u00bb{}\u00bb]<\/p>\n<p>IP Montevideo<\/p>\n<p>[\/et_pb_team_member][\/et_pb_column][et_pb_column type=\u00bb1_3&#8243; _builder_version=\u00bb4.16&#8243; _module_preset=\u00bbdefault\u00bb global_colors_info=\u00bb{}\u00bb][et_pb_team_member name=\u00bbDiego Melazzi\u00bb position=\u00bbDirector Ejecutivo \u00bb image_url=\u00bbhttps:\/\/labplus.uy\/wp-content\/uploads\/2023\/07\/Melazzi-Diego-byn-scaled.jpg\u00bb _builder_version=\u00bb4.20.2&#8243; _module_preset=\u00bbdefault\u00bb header_font=\u00bbPoppins||||||||\u00bb body_font=\u00bbPoppins|300|||||||\u00bb width=\u00bb81%\u00bb custom_padding=\u00bb||0px|||\u00bb global_colors_info=\u00bb{}\u00bb]<\/p>\n<p>Ficus Advisory<\/p>\n<p>[\/et_pb_team_member][\/et_pb_column][\/et_pb_row][et_pb_row column_structure=\u00bb1_3,1_3,1_3&#8243; _builder_version=\u00bb4.24.2&#8243; _module_preset=\u00bbdefault\u00bb scroll_vertical_motion_enable=\u00bbon\u00bb scroll_vertical_motion=\u00bb0|10|10|25|1|0|0&#8243; scroll_fade_enable=\u00bbon\u00bb scroll_fade=\u00bb0|9|9|21|0|40%|100&#8243; global_colors_info=\u00bb{}\u00bb][et_pb_column type=\u00bb1_3&#8243; _builder_version=\u00bb4.16&#8243; _module_preset=\u00bbdefault\u00bb global_colors_info=\u00bb{}\u00bb][et_pb_team_member name=\u00bbVirginia Gorrostorrazo\u00bb position=\u00bbGerenta de Valorizaci\u00f3n\u00bb image_url=\u00bbhttps:\/\/labplus.uy\/wp-content\/uploads\/2023\/07\/Gorrostorrazo-Virginia-byn-scaled.jpg\u00bb _builder_version=\u00bb4.20.2&#8243; _module_preset=\u00bbdefault\u00bb header_font=\u00bbPoppins||||||||\u00bb body_font=\u00bbPoppins|300|||||||\u00bb width=\u00bb81%\u00bb global_colors_info=\u00bb{}\u00bb]<\/p>\n<p>IP Montevideo<\/p>\n<p>[\/et_pb_team_member][\/et_pb_column][et_pb_column type=\u00bb1_3&#8243; _builder_version=\u00bb4.16&#8243; _module_preset=\u00bbdefault\u00bb global_colors_info=\u00bb{}\u00bb][et_pb_team_member name=\u00bbLuisa Rivas\u00bb position=\u00bbIngeniera Ambiental Asociada Senior \u00bb image_url=\u00bbhttps:\/\/labplus.uy\/wp-content\/uploads\/2023\/07\/Rivas-Luisa-byn-scaled.jpg\u00bb _builder_version=\u00bb4.20.2&#8243; _module_preset=\u00bbdefault\u00bb header_font=\u00bbPoppins||||||||\u00bb body_font=\u00bbPoppins|300|||||||\u00bb width=\u00bb81%\u00bb global_colors_info=\u00bb{}\u00bb]<\/p>\n<p>Ficus Advisory<\/p>\n<p>[\/et_pb_team_member][\/et_pb_column][et_pb_column type=\u00bb1_3&#8243; _builder_version=\u00bb4.16&#8243; _module_preset=\u00bbdefault\u00bb global_colors_info=\u00bb{}\u00bb][et_pb_team_member name=\u00bbValeria Castillo\u00bb position=\u00bbFinanzas &amp; Relaciones Internacionales &#8211; Asociada \u00bb image_url=\u00bbhttps:\/\/labplus.uy\/wp-content\/uploads\/2023\/07\/Castillo-Valeria-byn-scaled.jpg\u00bb _builder_version=\u00bb4.20.2&#8243; _module_preset=\u00bbdefault\u00bb header_font=\u00bbPoppins||||||||\u00bb body_font=\u00bbPoppins|300|||||||\u00bb width=\u00bb81%\u00bb global_colors_info=\u00bb{}\u00bb]<\/p>\n<p>Ficus Advisory<\/p>\n<p>[\/et_pb_team_member][\/et_pb_column][\/et_pb_row][et_pb_row column_structure=\u00bb1_3,1_3,1_3&#8243; _builder_version=\u00bb4.24.2&#8243; _module_preset=\u00bbdefault\u00bb scroll_vertical_motion_enable=\u00bbon\u00bb scroll_vertical_motion=\u00bb0|10|10|25|1|0|0&#8243; scroll_fade_enable=\u00bbon\u00bb scroll_fade=\u00bb0|9|9|21|0|40%|100&#8243; global_colors_info=\u00bb{}\u00bb][et_pb_column type=\u00bb1_3&#8243; _builder_version=\u00bb4.16&#8243; _module_preset=\u00bbdefault\u00bb global_colors_info=\u00bb{}\u00bb][et_pb_team_member name=\u00bbJorge Achard\u00bb position=\u00bbAbogado\u00bb image_url=\u00bbhttps:\/\/labplus.uy\/wp-content\/uploads\/2023\/07\/Achard-Jorge-byn-scaled.jpg\u00bb _builder_version=\u00bb4.20.2&#8243; _module_preset=\u00bbdefault\u00bb header_font=\u00bbPoppins||||||||\u00bb body_font=\u00bbPoppins|300|||||||\u00bb width=\u00bb81%\u00bb global_colors_info=\u00bb{}\u00bb]<\/p>\n<p>IP Montevideo<\/p>\n<p>[\/et_pb_team_member][\/et_pb_column][et_pb_column type=\u00bb1_3&#8243; _builder_version=\u00bb4.16&#8243; _module_preset=\u00bbdefault\u00bb global_colors_info=\u00bb{}\u00bb][\/et_pb_column][et_pb_column type=\u00bb1_3&#8243; _builder_version=\u00bb4.16&#8243; _module_preset=\u00bbdefault\u00bb global_colors_info=\u00bb{}\u00bb][\/et_pb_column][\/et_pb_row][\/et_pb_section]<\/p>\n","protected":false},"excerpt":{"rendered":"<p>NUESTRO EQUIPOTenemos una s\u00f3lida cultura de trabajo en equipo y capitalizamos la variedad de experiencias profesionales y de vida de todos nuestros miembros, en un proceso de continuo aprendizaje interno.Carlos Batthy\u00e1nyCarlos es, ante todo, padre de dos amorosas hijas y orgulloso esposo de Mar\u00eda, doctora en medicina. La vida de Carlos se ha centrado durante [&hellip;]<\/p>\n","protected":false},"author":1,"featured_media":0,"parent":0,"menu_order":0,"comment_status":"closed","ping_status":"closed","template":"","meta":{"_acf_changed":false,"_et_pb_use_builder":"on","_et_pb_old_content":"","_et_gb_content_width":"","_monsterinsights_skip_tracking":false,"_monsterinsights_sitenote_active":false,"_monsterinsights_sitenote_note":"","_monsterinsights_sitenote_category":0,"footnotes":""},"class_list":["post-771","page","type-page","status-publish","hentry"],"acf":[],"_links":{"self":[{"href":"https:\/\/labplus.uy\/es\/wp-json\/wp\/v2\/pages\/771","targetHints":{"allow":["GET"]}}],"collection":[{"href":"https:\/\/labplus.uy\/es\/wp-json\/wp\/v2\/pages"}],"about":[{"href":"https:\/\/labplus.uy\/es\/wp-json\/wp\/v2\/types\/page"}],"author":[{"embeddable":true,"href":"https:\/\/labplus.uy\/es\/wp-json\/wp\/v2\/users\/1"}],"replies":[{"embeddable":true,"href":"https:\/\/labplus.uy\/es\/wp-json\/wp\/v2\/comments?post=771"}],"version-history":[{"count":5,"href":"https:\/\/labplus.uy\/es\/wp-json\/wp\/v2\/pages\/771\/revisions"}],"predecessor-version":[{"id":24848116,"href":"https:\/\/labplus.uy\/es\/wp-json\/wp\/v2\/pages\/771\/revisions\/24848116"}],"wp:attachment":[{"href":"https:\/\/labplus.uy\/es\/wp-json\/wp\/v2\/media?parent=771"}],"curies":[{"name":"wp","href":"https:\/\/api.w.org\/{rel}","templated":true}]}}